


{"id":2847,"date":"2018-05-09T16:39:58","date_gmt":"2018-05-09T14:39:58","guid":{"rendered":"https:\/\/www.hotelbdesign.fr\/?page_id=2847"},"modified":"2018-05-09T16:40:33","modified_gmt":"2018-05-09T14:40:33","slug":"saint-remy-de-provence","status":"publish","type":"page","link":"https:\/\/www.hotelbdesign.fr\/nl\/activiteiten-ontspanning\/de-provence\/saint-remy-de-provence\/","title":{"rendered":"Saint-R\u00e9my-de-Provence"},"content":{"rendered":"<p>Saint-Remy-de-Provence,\u00a0 gelegen op 15 minuten van het hotel b design &amp; spa is een pittoresk stadje waar het aangenaam vertoeven is en waar u de provencaalse sfeer op de markten (woensdag- en zaterdagochtend) kunt opsnuiven.<\/p>\n<p>De straten van Saint-R\u00e9my-de-Provence zijn voetgangers en vol kleine winkels, elk meer atypisch dan de volgende.<\/p>\n<h3>De essentie van Saint-R\u00e9my de Provence :<\/h3>\n<ul>\n<li>De archeologische vindplaats van Glanum. De antiek: de Arc de Triomphe en het Mausoleum van de Julius dat de entree van de stad markeerde.<\/li>\n<li>Het klooster van Paul de Mausole, een meesterwerk van de Proven\u00e7aalse romaanse kunst, waar het &#8220;Centre Culturel et Touristique Van Gogh&#8221; is gewijd aan het verblijf van Vincent van Gogh.<\/li>\n<li>Het Alpilles Museum in het Renaissance Mistral Hotel in Mondragon.<\/li>\n<li>Het Estrine Museum, een museum voor hedendaagse kunst dat in het bijzonder gewijd is aan de schilder Albert Gleize, waaronder ook het Van Gogh Interpretatiecentrum valt.<\/li>\n<li>De Van Gogh route, een ware reis door de tijd in de voetsporen van een van de grootste schilders van de 19de eeuw.<\/li>\n<\/ul>\n","protected":false},"excerpt":{"rendered":"<p>Saint-Remy-de-Provence,\u00a0 gelegen op 15 minuten van het hotel b design &amp; spa is een pittoresk stadje waar het aangenaam vertoeven is en waar u de provencaalse sfeer op de markten (woensdag- en zaterdagochtend) kunt opsnuiven. De straten van Saint-R\u00e9my-de-Provence zijn voetgangers en vol kleine winkels, elk meer atypisch dan de volgende. De essentie van Saint-R\u00e9my<\/p>\n","protected":false},"author":8,"featured_media":2300,"parent":2732,"menu_order":0,"comment_status":"closed","ping_status":"closed","template":"page-villes.php","meta":{"_acf_changed":false,"footnotes":""},"acf":[],"yoast_head":"<!-- This site is optimized with the Yoast SEO plugin v22.2 - https:\/\/yoast.com\/wordpress\/plugins\/seo\/ -->\n<title>Hotel bij Saint-R\u00e9my de Provence : Hotel b design &amp; spa - Hotel 5 sterren<\/title>\n<meta name=\"description\" content=\"Ontdek het b design &amp; spa hotel, een modern en eigentijds 5-sterren hotel gelegen aan de poorten van Saint-R\u00e9my, in het hart van de Alpilles.\" \/>\n<meta name=\"robots\" content=\"index, follow, max-snippet:-1, max-image-preview:large, max-video-preview:-1\" \/>\n<link rel=\"canonical\" href=\"https:\/\/www.hotelbdesign.fr\/nl\/tourisme\/provence\/saint-remy-de-provence\/\" \/>\n<meta property=\"og:locale\" content=\"nl_NL\" \/>\n<meta property=\"og:type\" content=\"article\" \/>\n<meta property=\"og:title\" content=\"Hotel bij Saint-R\u00e9my de Provence : Hotel b design &amp; spa - Hotel 5 sterren\" \/>\n<meta property=\"og:description\" content=\"Ontdek het b design &amp; spa hotel, een modern en eigentijds 5-sterren hotel gelegen aan de poorten van Saint-R\u00e9my, in het hart van de Alpilles.\" \/>\n<meta property=\"og:url\" content=\"https:\/\/www.hotelbdesign.fr\/tourisme\/provence\/saint-remy-de-provence\/\" \/>\n<meta property=\"og:site_name\" content=\"H\u00f4tel b design &amp; spa - H\u00f4tel spa 5 \u00e9toiles en Provence\" \/>\n<meta property=\"article:publisher\" content=\"https:\/\/www.facebook.com\/hotelbdesign\/\" \/>\n<meta property=\"article:modified_time\" content=\"2018-05-09T14:40:33+00:00\" \/>\n<meta property=\"og:image\" content=\"https:\/\/www.hotelbdesign.fr\/wp-content\/uploads\/2018\/04\/saint-remy-de-provence.jpg\" \/>\n\t<meta property=\"og:image:width\" content=\"1920\" \/>\n\t<meta property=\"og:image:height\" content=\"1280\" \/>\n\t<meta property=\"og:image:type\" content=\"image\/jpeg\" \/>\n<meta name=\"twitter:card\" content=\"summary_large_image\" \/>\n<meta name=\"twitter:site\" content=\"@hotelbdesign\" \/>\n<meta name=\"twitter:label1\" content=\"Geschatte leestijd\" \/>\n\t<meta name=\"twitter:data1\" content=\"1 minuut\" \/>\n<script type=\"application\/ld+json\" class=\"yoast-schema-graph\">{\"@context\":\"https:\/\/schema.org\",\"@graph\":[{\"@type\":\"WebPage\",\"@id\":\"https:\/\/www.hotelbdesign.fr\/tourisme\/provence\/saint-remy-de-provence\/\",\"url\":\"https:\/\/www.hotelbdesign.fr\/tourisme\/provence\/saint-remy-de-provence\/\",\"name\":\"Hotel bij Saint-R\u00e9my de Provence : Hotel b design & spa - Hotel 5 sterren\",\"isPartOf\":{\"@id\":\"https:\/\/www.hotelbdesign.fr\/#website\"},\"primaryImageOfPage\":{\"@id\":\"https:\/\/www.hotelbdesign.fr\/tourisme\/provence\/saint-remy-de-provence\/#primaryimage\"},\"image\":{\"@id\":\"https:\/\/www.hotelbdesign.fr\/tourisme\/provence\/saint-remy-de-provence\/#primaryimage\"},\"thumbnailUrl\":\"https:\/\/www.hotelbdesign.fr\/wp-content\/uploads\/2018\/04\/saint-remy-de-provence.jpg\",\"datePublished\":\"2018-05-09T14:39:58+00:00\",\"dateModified\":\"2018-05-09T14:40:33+00:00\",\"description\":\"Ontdek het b design & spa hotel, een modern en eigentijds 5-sterren hotel gelegen aan de poorten van Saint-R\u00e9my, in het hart van de Alpilles.\",\"breadcrumb\":{\"@id\":\"https:\/\/www.hotelbdesign.fr\/tourisme\/provence\/saint-remy-de-provence\/#breadcrumb\"},\"inLanguage\":\"nl-NL\",\"potentialAction\":[{\"@type\":\"ReadAction\",\"target\":[\"https:\/\/www.hotelbdesign.fr\/tourisme\/provence\/saint-remy-de-provence\/\"]}]},{\"@type\":\"ImageObject\",\"inLanguage\":\"nl-NL\",\"@id\":\"https:\/\/www.hotelbdesign.fr\/tourisme\/provence\/saint-remy-de-provence\/#primaryimage\",\"url\":\"https:\/\/www.hotelbdesign.fr\/wp-content\/uploads\/2018\/04\/saint-remy-de-provence.jpg\",\"contentUrl\":\"https:\/\/www.hotelbdesign.fr\/wp-content\/uploads\/2018\/04\/saint-remy-de-provence.jpg\",\"width\":1920,\"height\":1280},{\"@type\":\"BreadcrumbList\",\"@id\":\"https:\/\/www.hotelbdesign.fr\/tourisme\/provence\/saint-remy-de-provence\/#breadcrumb\",\"itemListElement\":[{\"@type\":\"ListItem\",\"position\":1,\"name\":\"Accueil\",\"item\":\"https:\/\/www.hotelbdesign.fr\/nl\/\"},{\"@type\":\"ListItem\",\"position\":2,\"name\":\"Activiteiten &#038; Ontspanning\",\"item\":\"https:\/\/www.hotelbdesign.fr\/nl\/activiteiten-ontspanning\/\"},{\"@type\":\"ListItem\",\"position\":3,\"name\":\"De Provence\",\"item\":\"https:\/\/www.hotelbdesign.fr\/nl\/activiteiten-ontspanning\/de-provence\/\"},{\"@type\":\"ListItem\",\"position\":4,\"name\":\"Saint-R\u00e9my-de-Provence\"}]},{\"@type\":\"WebSite\",\"@id\":\"https:\/\/www.hotelbdesign.fr\/#website\",\"url\":\"https:\/\/www.hotelbdesign.fr\/\",\"name\":\"H\u00f4tel b design &amp; spa - H\u00f4tel spa 5 \u00e9toiles en Provence\",\"description\":\"\",\"potentialAction\":[{\"@type\":\"SearchAction\",\"target\":{\"@type\":\"EntryPoint\",\"urlTemplate\":\"https:\/\/www.hotelbdesign.fr\/?s={search_term_string}\"},\"query-input\":\"required name=search_term_string\"}],\"inLanguage\":\"nl-NL\"}]}<\/script>\n<!-- \/ Yoast SEO plugin. -->","yoast_head_json":{"title":"Hotel bij Saint-R\u00e9my de Provence : Hotel b design & spa - Hotel 5 sterren","description":"Ontdek het b design & spa hotel, een modern en eigentijds 5-sterren hotel gelegen aan de poorten van Saint-R\u00e9my, in het hart van de Alpilles.","robots":{"index":"index","follow":"follow","max-snippet":"max-snippet:-1","max-image-preview":"max-image-preview:large","max-video-preview":"max-video-preview:-1"},"canonical":"https:\/\/www.hotelbdesign.fr\/nl\/tourisme\/provence\/saint-remy-de-provence\/","og_locale":"nl_NL","og_type":"article","og_title":"Hotel bij Saint-R\u00e9my de Provence : Hotel b design & spa - Hotel 5 sterren","og_description":"Ontdek het b design & spa hotel, een modern en eigentijds 5-sterren hotel gelegen aan de poorten van Saint-R\u00e9my, in het hart van de Alpilles.","og_url":"https:\/\/www.hotelbdesign.fr\/tourisme\/provence\/saint-remy-de-provence\/","og_site_name":"H\u00f4tel b design &amp; spa - H\u00f4tel spa 5 \u00e9toiles en Provence","article_publisher":"https:\/\/www.facebook.com\/hotelbdesign\/","article_modified_time":"2018-05-09T14:40:33+00:00","og_image":[{"width":1920,"height":1280,"url":"https:\/\/www.hotelbdesign.fr\/wp-content\/uploads\/2018\/04\/saint-remy-de-provence.jpg","type":"image\/jpeg"}],"twitter_card":"summary_large_image","twitter_site":"@hotelbdesign","twitter_misc":{"Geschatte leestijd":"1 minuut"},"schema":{"@context":"https:\/\/schema.org","@graph":[{"@type":"WebPage","@id":"https:\/\/www.hotelbdesign.fr\/tourisme\/provence\/saint-remy-de-provence\/","url":"https:\/\/www.hotelbdesign.fr\/tourisme\/provence\/saint-remy-de-provence\/","name":"Hotel bij Saint-R\u00e9my de Provence : Hotel b design & spa - Hotel 5 sterren","isPartOf":{"@id":"https:\/\/www.hotelbdesign.fr\/#website"},"primaryImageOfPage":{"@id":"https:\/\/www.hotelbdesign.fr\/tourisme\/provence\/saint-remy-de-provence\/#primaryimage"},"image":{"@id":"https:\/\/www.hotelbdesign.fr\/tourisme\/provence\/saint-remy-de-provence\/#primaryimage"},"thumbnailUrl":"https:\/\/www.hotelbdesign.fr\/wp-content\/uploads\/2018\/04\/saint-remy-de-provence.jpg","datePublished":"2018-05-09T14:39:58+00:00","dateModified":"2018-05-09T14:40:33+00:00","description":"Ontdek het b design & spa hotel, een modern en eigentijds 5-sterren hotel gelegen aan de poorten van Saint-R\u00e9my, in het hart van de Alpilles.","breadcrumb":{"@id":"https:\/\/www.hotelbdesign.fr\/tourisme\/provence\/saint-remy-de-provence\/#breadcrumb"},"inLanguage":"nl-NL","potentialAction":[{"@type":"ReadAction","target":["https:\/\/www.hotelbdesign.fr\/tourisme\/provence\/saint-remy-de-provence\/"]}]},{"@type":"ImageObject","inLanguage":"nl-NL","@id":"https:\/\/www.hotelbdesign.fr\/tourisme\/provence\/saint-remy-de-provence\/#primaryimage","url":"https:\/\/www.hotelbdesign.fr\/wp-content\/uploads\/2018\/04\/saint-remy-de-provence.jpg","contentUrl":"https:\/\/www.hotelbdesign.fr\/wp-content\/uploads\/2018\/04\/saint-remy-de-provence.jpg","width":1920,"height":1280},{"@type":"BreadcrumbList","@id":"https:\/\/www.hotelbdesign.fr\/tourisme\/provence\/saint-remy-de-provence\/#breadcrumb","itemListElement":[{"@type":"ListItem","position":1,"name":"Accueil","item":"https:\/\/www.hotelbdesign.fr\/nl\/"},{"@type":"ListItem","position":2,"name":"Activiteiten &#038; Ontspanning","item":"https:\/\/www.hotelbdesign.fr\/nl\/activiteiten-ontspanning\/"},{"@type":"ListItem","position":3,"name":"De Provence","item":"https:\/\/www.hotelbdesign.fr\/nl\/activiteiten-ontspanning\/de-provence\/"},{"@type":"ListItem","position":4,"name":"Saint-R\u00e9my-de-Provence"}]},{"@type":"WebSite","@id":"https:\/\/www.hotelbdesign.fr\/#website","url":"https:\/\/www.hotelbdesign.fr\/","name":"H\u00f4tel b design &amp; spa - H\u00f4tel spa 5 \u00e9toiles en Provence","description":"","potentialAction":[{"@type":"SearchAction","target":{"@type":"EntryPoint","urlTemplate":"https:\/\/www.hotelbdesign.fr\/?s={search_term_string}"},"query-input":"required name=search_term_string"}],"inLanguage":"nl-NL"}]}},"_links":{"self":[{"href":"https:\/\/www.hotelbdesign.fr\/nl\/wp-json\/wp\/v2\/pages\/2847\/"}],"collection":[{"href":"https:\/\/www.hotelbdesign.fr\/nl\/wp-json\/wp\/v2\/pages\/"}],"about":[{"href":"https:\/\/www.hotelbdesign.fr\/nl\/wp-json\/wp\/v2\/types\/page\/"}],"author":[{"embeddable":true,"href":"https:\/\/www.hotelbdesign.fr\/nl\/wp-json\/wp\/v2\/users\/8\/"}],"replies":[{"embeddable":true,"href":"https:\/\/www.hotelbdesign.fr\/nl\/wp-json\/wp\/v2\/comments\/?post=2847"}],"version-history":[{"count":4,"href":"https:\/\/www.hotelbdesign.fr\/nl\/wp-json\/wp\/v2\/pages\/2847\/revisions\/"}],"predecessor-version":[{"id":2851,"href":"https:\/\/www.hotelbdesign.fr\/nl\/wp-json\/wp\/v2\/pages\/2847\/revisions\/2851\/"}],"up":[{"embeddable":true,"href":"https:\/\/www.hotelbdesign.fr\/nl\/wp-json\/wp\/v2\/pages\/2732\/"}],"wp:featuredmedia":[{"embeddable":true,"href":"https:\/\/www.hotelbdesign.fr\/nl\/wp-json\/wp\/v2\/media\/2300\/"}],"wp:attachment":[{"href":"https:\/\/www.hotelbdesign.fr\/nl\/wp-json\/wp\/v2\/media\/?parent=2847"}],"curies":[{"name":"wp","href":"https:\/\/api.w.org\/{rel}","templated":true}]}}