


{"id":2836,"date":"2018-05-09T11:33:29","date_gmt":"2018-05-09T09:33:29","guid":{"rendered":"https:\/\/www.hotelbdesign.fr\/?page_id=2836"},"modified":"2018-05-09T11:33:29","modified_gmt":"2018-05-09T09:33:29","slug":"les-baux-de-provence","status":"publish","type":"page","link":"https:\/\/www.hotelbdesign.fr\/nl\/activiteiten-ontspanning\/de-provence\/les-baux-de-provence\/","title":{"rendered":"Les Baux-de-Provence"},"content":{"rendered":"<p>Het hotel b design &amp; spa bevindt zich op het grondgebied van de gemeente <strong>Les Beaux de Provence<\/strong>, aan de voet van het kasteel.<\/p>\n<p>Verschillende wandelpaden leidden naar het kasteel en de duurtijd daarheen \u00a0bedraagt ongeveer anderhalf uur. Via de normale weg duurt de tocht slechts 45 minuten, maar u hebt ook de mogelijkheid om er met een electrische fiets naar toe te gaan.<\/p>\n<p>Maar het is erg prettig om er met de elektrische fiets naar toe te gaan en volop te genieten van het landschap.<\/p>\n<p>Het dorp en het kasteel van Les Beaux De Provence worden gerangschikt onder het label \u00ab\u00a0<strong>De mooiste dorpen van Frankrijk<\/strong>\u00a0\u00bb.<\/p>\n<p>U kunt het dorp uitsluitend te voet bezoeken. Aan de ingang van het dorp is er een parking waar u uw wagen kunt parkeren.<\/p>\n<h3>De Baux-de-Provence moet u zien :<\/h3>\n<ul>\n<li>Het kasteel van Baux, middeleeuwse vesting die zich uitstrekt op 7 hectare.<\/li>\n<li>De monumentale Carri\u00e8res de Lumi\u00e8res.<\/li>\n<li>Kasteelmuseum.<\/li>\n<li>Het Yves-Brayer Museum: aquarellen, gravures, litho&#8217;s.<\/li>\n<li>De audiogeleide zintuiglijke tour voor slechtzienden.<\/li>\n<li>Kerk Saint-Vincent.<\/li>\n<li>Het museum van de Santons.<\/li>\n<li><a href=\"http:\/\/www.castelas.com\/huile-olive-baux-provence\/en\/accueil\" target=\"_blank\" rel=\"noopener\">Le Moulin de CastelaS<\/a>: olijfolie met BOB uit de vallei van de Baux.<\/li>\n<\/ul>\n","protected":false},"excerpt":{"rendered":"<p>Het hotel b design &amp; spa bevindt zich op het grondgebied van de gemeente Les Beaux de Provence, aan de voet van het kasteel. Verschillende wandelpaden leidden naar het kasteel en de duurtijd daarheen \u00a0bedraagt ongeveer anderhalf uur. Via de normale weg duurt de tocht slechts 45 minuten, maar u hebt ook de mogelijkheid om<\/p>\n","protected":false},"author":8,"featured_media":2295,"parent":2732,"menu_order":0,"comment_status":"closed","ping_status":"closed","template":"page-villes.php","meta":{"_acf_changed":false,"footnotes":""},"acf":[],"yoast_head":"<!-- This site is optimized with the Yoast SEO plugin v22.2 - https:\/\/yoast.com\/wordpress\/plugins\/seo\/ -->\n<title>Hotel bij Les Baux-de-Provence - Hotel b design &amp; spa - 5-sterren hotel<\/title>\n<meta name=\"description\" content=\"Ontdek het b design &amp; spa hotel, een modern en eigentijds 5-sterren hotel gelegen aan de voet van Les Baux-de-Provence, in het hart van de Alpilles.\" \/>\n<meta name=\"robots\" content=\"index, follow, max-snippet:-1, max-image-preview:large, max-video-preview:-1\" \/>\n<link rel=\"canonical\" href=\"https:\/\/www.hotelbdesign.fr\/nl\/activiteiten-ontspanning\/de-provence\/les-baux-de-provence\/\" \/>\n<meta property=\"og:locale\" content=\"nl_NL\" \/>\n<meta property=\"og:type\" content=\"article\" \/>\n<meta property=\"og:title\" content=\"Hotel bij Les Baux-de-Provence - Hotel b design &amp; spa - 5-sterren hotel\" \/>\n<meta property=\"og:description\" content=\"Ontdek het b design &amp; spa hotel, een modern en eigentijds 5-sterren hotel gelegen aan de voet van Les Baux-de-Provence, in het hart van de Alpilles.\" \/>\n<meta property=\"og:url\" content=\"https:\/\/www.hotelbdesign.fr\/nl\/activiteiten-ontspanning\/de-provence\/les-baux-de-provence\/\" \/>\n<meta property=\"og:site_name\" content=\"H\u00f4tel b design &amp; spa - H\u00f4tel spa 5 \u00e9toiles en Provence\" \/>\n<meta property=\"article:publisher\" content=\"https:\/\/www.facebook.com\/hotelbdesign\/\" \/>\n<meta property=\"og:image\" content=\"https:\/\/www.hotelbdesign.fr\/wp-content\/uploads\/2018\/04\/la-vue-des-Baux-de-Provence.jpg\" \/>\n\t<meta property=\"og:image:width\" content=\"1920\" \/>\n\t<meta property=\"og:image:height\" content=\"1280\" \/>\n\t<meta property=\"og:image:type\" content=\"image\/jpeg\" \/>\n<meta name=\"twitter:card\" content=\"summary_large_image\" \/>\n<meta name=\"twitter:site\" content=\"@hotelbdesign\" \/>\n<meta name=\"twitter:label1\" content=\"Geschatte leestijd\" \/>\n\t<meta name=\"twitter:data1\" content=\"1 minuut\" \/>\n<script type=\"application\/ld+json\" class=\"yoast-schema-graph\">{\"@context\":\"https:\/\/schema.org\",\"@graph\":[{\"@type\":\"WebPage\",\"@id\":\"https:\/\/www.hotelbdesign.fr\/nl\/activiteiten-ontspanning\/de-provence\/les-baux-de-provence\/\",\"url\":\"https:\/\/www.hotelbdesign.fr\/nl\/activiteiten-ontspanning\/de-provence\/les-baux-de-provence\/\",\"name\":\"Hotel bij Les Baux-de-Provence - Hotel b design & spa - 5-sterren hotel\",\"isPartOf\":{\"@id\":\"https:\/\/www.hotelbdesign.fr\/#website\"},\"primaryImageOfPage\":{\"@id\":\"https:\/\/www.hotelbdesign.fr\/nl\/activiteiten-ontspanning\/de-provence\/les-baux-de-provence\/#primaryimage\"},\"image\":{\"@id\":\"https:\/\/www.hotelbdesign.fr\/nl\/activiteiten-ontspanning\/de-provence\/les-baux-de-provence\/#primaryimage\"},\"thumbnailUrl\":\"https:\/\/www.hotelbdesign.fr\/wp-content\/uploads\/2018\/04\/la-vue-des-Baux-de-Provence.jpg\",\"datePublished\":\"2018-05-09T09:33:29+00:00\",\"dateModified\":\"2018-05-09T09:33:29+00:00\",\"description\":\"Ontdek het b design & spa hotel, een modern en eigentijds 5-sterren hotel gelegen aan de voet van Les Baux-de-Provence, in het hart van de Alpilles.\",\"breadcrumb\":{\"@id\":\"https:\/\/www.hotelbdesign.fr\/nl\/activiteiten-ontspanning\/de-provence\/les-baux-de-provence\/#breadcrumb\"},\"inLanguage\":\"nl-NL\",\"potentialAction\":[{\"@type\":\"ReadAction\",\"target\":[\"https:\/\/www.hotelbdesign.fr\/nl\/activiteiten-ontspanning\/de-provence\/les-baux-de-provence\/\"]}]},{\"@type\":\"ImageObject\",\"inLanguage\":\"nl-NL\",\"@id\":\"https:\/\/www.hotelbdesign.fr\/nl\/activiteiten-ontspanning\/de-provence\/les-baux-de-provence\/#primaryimage\",\"url\":\"https:\/\/www.hotelbdesign.fr\/wp-content\/uploads\/2018\/04\/la-vue-des-Baux-de-Provence.jpg\",\"contentUrl\":\"https:\/\/www.hotelbdesign.fr\/wp-content\/uploads\/2018\/04\/la-vue-des-Baux-de-Provence.jpg\",\"width\":1920,\"height\":1280},{\"@type\":\"BreadcrumbList\",\"@id\":\"https:\/\/www.hotelbdesign.fr\/nl\/activiteiten-ontspanning\/de-provence\/les-baux-de-provence\/#breadcrumb\",\"itemListElement\":[{\"@type\":\"ListItem\",\"position\":1,\"name\":\"Accueil\",\"item\":\"https:\/\/www.hotelbdesign.fr\/nl\/\"},{\"@type\":\"ListItem\",\"position\":2,\"name\":\"Activiteiten &#038; Ontspanning\",\"item\":\"https:\/\/www.hotelbdesign.fr\/nl\/activiteiten-ontspanning\/\"},{\"@type\":\"ListItem\",\"position\":3,\"name\":\"De Provence\",\"item\":\"https:\/\/www.hotelbdesign.fr\/nl\/activiteiten-ontspanning\/de-provence\/\"},{\"@type\":\"ListItem\",\"position\":4,\"name\":\"Les Baux-de-Provence\"}]},{\"@type\":\"WebSite\",\"@id\":\"https:\/\/www.hotelbdesign.fr\/#website\",\"url\":\"https:\/\/www.hotelbdesign.fr\/\",\"name\":\"H\u00f4tel b design &amp; spa - H\u00f4tel spa 5 \u00e9toiles en Provence\",\"description\":\"\",\"potentialAction\":[{\"@type\":\"SearchAction\",\"target\":{\"@type\":\"EntryPoint\",\"urlTemplate\":\"https:\/\/www.hotelbdesign.fr\/?s={search_term_string}\"},\"query-input\":\"required name=search_term_string\"}],\"inLanguage\":\"nl-NL\"}]}<\/script>\n<!-- \/ Yoast SEO plugin. -->","yoast_head_json":{"title":"Hotel bij Les Baux-de-Provence - Hotel b design & spa - 5-sterren hotel","description":"Ontdek het b design & spa hotel, een modern en eigentijds 5-sterren hotel gelegen aan de voet van Les Baux-de-Provence, in het hart van de Alpilles.","robots":{"index":"index","follow":"follow","max-snippet":"max-snippet:-1","max-image-preview":"max-image-preview:large","max-video-preview":"max-video-preview:-1"},"canonical":"https:\/\/www.hotelbdesign.fr\/nl\/activiteiten-ontspanning\/de-provence\/les-baux-de-provence\/","og_locale":"nl_NL","og_type":"article","og_title":"Hotel bij Les Baux-de-Provence - Hotel b design & spa - 5-sterren hotel","og_description":"Ontdek het b design & spa hotel, een modern en eigentijds 5-sterren hotel gelegen aan de voet van Les Baux-de-Provence, in het hart van de Alpilles.","og_url":"https:\/\/www.hotelbdesign.fr\/nl\/activiteiten-ontspanning\/de-provence\/les-baux-de-provence\/","og_site_name":"H\u00f4tel b design &amp; spa - H\u00f4tel spa 5 \u00e9toiles en Provence","article_publisher":"https:\/\/www.facebook.com\/hotelbdesign\/","og_image":[{"width":1920,"height":1280,"url":"https:\/\/www.hotelbdesign.fr\/wp-content\/uploads\/2018\/04\/la-vue-des-Baux-de-Provence.jpg","type":"image\/jpeg"}],"twitter_card":"summary_large_image","twitter_site":"@hotelbdesign","twitter_misc":{"Geschatte leestijd":"1 minuut"},"schema":{"@context":"https:\/\/schema.org","@graph":[{"@type":"WebPage","@id":"https:\/\/www.hotelbdesign.fr\/nl\/activiteiten-ontspanning\/de-provence\/les-baux-de-provence\/","url":"https:\/\/www.hotelbdesign.fr\/nl\/activiteiten-ontspanning\/de-provence\/les-baux-de-provence\/","name":"Hotel bij Les Baux-de-Provence - Hotel b design & spa - 5-sterren hotel","isPartOf":{"@id":"https:\/\/www.hotelbdesign.fr\/#website"},"primaryImageOfPage":{"@id":"https:\/\/www.hotelbdesign.fr\/nl\/activiteiten-ontspanning\/de-provence\/les-baux-de-provence\/#primaryimage"},"image":{"@id":"https:\/\/www.hotelbdesign.fr\/nl\/activiteiten-ontspanning\/de-provence\/les-baux-de-provence\/#primaryimage"},"thumbnailUrl":"https:\/\/www.hotelbdesign.fr\/wp-content\/uploads\/2018\/04\/la-vue-des-Baux-de-Provence.jpg","datePublished":"2018-05-09T09:33:29+00:00","dateModified":"2018-05-09T09:33:29+00:00","description":"Ontdek het b design & spa hotel, een modern en eigentijds 5-sterren hotel gelegen aan de voet van Les Baux-de-Provence, in het hart van de Alpilles.","breadcrumb":{"@id":"https:\/\/www.hotelbdesign.fr\/nl\/activiteiten-ontspanning\/de-provence\/les-baux-de-provence\/#breadcrumb"},"inLanguage":"nl-NL","potentialAction":[{"@type":"ReadAction","target":["https:\/\/www.hotelbdesign.fr\/nl\/activiteiten-ontspanning\/de-provence\/les-baux-de-provence\/"]}]},{"@type":"ImageObject","inLanguage":"nl-NL","@id":"https:\/\/www.hotelbdesign.fr\/nl\/activiteiten-ontspanning\/de-provence\/les-baux-de-provence\/#primaryimage","url":"https:\/\/www.hotelbdesign.fr\/wp-content\/uploads\/2018\/04\/la-vue-des-Baux-de-Provence.jpg","contentUrl":"https:\/\/www.hotelbdesign.fr\/wp-content\/uploads\/2018\/04\/la-vue-des-Baux-de-Provence.jpg","width":1920,"height":1280},{"@type":"BreadcrumbList","@id":"https:\/\/www.hotelbdesign.fr\/nl\/activiteiten-ontspanning\/de-provence\/les-baux-de-provence\/#breadcrumb","itemListElement":[{"@type":"ListItem","position":1,"name":"Accueil","item":"https:\/\/www.hotelbdesign.fr\/nl\/"},{"@type":"ListItem","position":2,"name":"Activiteiten &#038; Ontspanning","item":"https:\/\/www.hotelbdesign.fr\/nl\/activiteiten-ontspanning\/"},{"@type":"ListItem","position":3,"name":"De Provence","item":"https:\/\/www.hotelbdesign.fr\/nl\/activiteiten-ontspanning\/de-provence\/"},{"@type":"ListItem","position":4,"name":"Les Baux-de-Provence"}]},{"@type":"WebSite","@id":"https:\/\/www.hotelbdesign.fr\/#website","url":"https:\/\/www.hotelbdesign.fr\/","name":"H\u00f4tel b design &amp; spa - H\u00f4tel spa 5 \u00e9toiles en Provence","description":"","potentialAction":[{"@type":"SearchAction","target":{"@type":"EntryPoint","urlTemplate":"https:\/\/www.hotelbdesign.fr\/?s={search_term_string}"},"query-input":"required name=search_term_string"}],"inLanguage":"nl-NL"}]}},"_links":{"self":[{"href":"https:\/\/www.hotelbdesign.fr\/nl\/wp-json\/wp\/v2\/pages\/2836\/"}],"collection":[{"href":"https:\/\/www.hotelbdesign.fr\/nl\/wp-json\/wp\/v2\/pages\/"}],"about":[{"href":"https:\/\/www.hotelbdesign.fr\/nl\/wp-json\/wp\/v2\/types\/page\/"}],"author":[{"embeddable":true,"href":"https:\/\/www.hotelbdesign.fr\/nl\/wp-json\/wp\/v2\/users\/8\/"}],"replies":[{"embeddable":true,"href":"https:\/\/www.hotelbdesign.fr\/nl\/wp-json\/wp\/v2\/comments\/?post=2836"}],"version-history":[{"count":3,"href":"https:\/\/www.hotelbdesign.fr\/nl\/wp-json\/wp\/v2\/pages\/2836\/revisions\/"}],"predecessor-version":[{"id":2839,"href":"https:\/\/www.hotelbdesign.fr\/nl\/wp-json\/wp\/v2\/pages\/2836\/revisions\/2839\/"}],"up":[{"embeddable":true,"href":"https:\/\/www.hotelbdesign.fr\/nl\/wp-json\/wp\/v2\/pages\/2732\/"}],"wp:featuredmedia":[{"embeddable":true,"href":"https:\/\/www.hotelbdesign.fr\/nl\/wp-json\/wp\/v2\/media\/2295\/"}],"wp:attachment":[{"href":"https:\/\/www.hotelbdesign.fr\/nl\/wp-json\/wp\/v2\/media\/?parent=2836"}],"curies":[{"name":"wp","href":"https:\/\/api.w.org\/{rel}","templated":true}]}}