


{"id":2752,"date":"2018-05-03T15:53:05","date_gmt":"2018-05-03T13:53:05","guid":{"rendered":"https:\/\/www.hotelbdesign.fr\/?page_id=2752"},"modified":"2018-05-03T15:56:43","modified_gmt":"2018-05-03T13:56:43","slug":"aix-en-provence","status":"publish","type":"page","link":"https:\/\/www.hotelbdesign.fr\/nl\/activiteiten-ontspanning\/de-provence\/aix-en-provence\/","title":{"rendered":"Aix-en-Provence"},"content":{"rendered":"<p>De mooie stad Aix-en-Provence bevindt zich op 1 uur van het hotel b design &amp; spa.<\/p>\n<p>Deze stad wordt ook wel <strong>&#8220;La Ville de C\u00e9zanne&#8221;<\/strong> genoemd, naar de beroemde impressionistische schilder. Het patrimonium van de stad omvat meer dan 140 geclasseerde monumenten, in dewelke elk jaar vele evnementen en tentoonstellingen van gerenommeerde artiesten plaatsvinden.<\/p>\n<p>Een favoriet voor bezoekers van Hotel b design &amp; spa die er graag een dag doorbrengen tijdens hun verblijf in de Provence<\/p>\n<p>Toerisme, apero op een terrasje, shopping, Aix-en-Provence heeft aan iedere bezoeker iets te bieden.<\/p>\n<h3>Niet te missen in Aix-en-Provence :<\/h3>\n<p>Tijdens uw bezoek aan Aix mag u zeker volgende events niet missen :<\/p>\n<ul>\n<li>St. Savior&#8217;s kathedraal.<\/li>\n<li>Stadhuis.<\/li>\n<li>De Klokkentoren.<\/li>\n<li>De wijk Mazarin en de voetgangersstraten.<\/li>\n<li>De Proven\u00e7aalse steegjes.<\/li>\n<li>De fontein van de Rotunda.<\/li>\n<li>De Mirabeau-cursus.<\/li>\n<li>De Granet Museum.<\/li>\n<li>C\u00e9zanne werkplaats.<\/li>\n<li>Het Circuit C\u00e9zanne.<\/li>\n<li>Het Oude Aix Museum.<\/li>\n<li>De Pavillon Vend\u00f4me: tuinen in Franse stijl, meubilair en kunstcollecties.<\/li>\n<li>Ch\u00e2teau Paradis: wijnlandgoed van de appellation Coteaux d&#8217;Aix en Provence.<\/li>\n<\/ul>\n","protected":false},"excerpt":{"rendered":"<p>De mooie stad Aix-en-Provence bevindt zich op 1 uur van het hotel b design &amp; spa. Deze stad wordt ook wel &#8220;La Ville de C\u00e9zanne&#8221; genoemd, naar de beroemde impressionistische schilder. Het patrimonium van de stad omvat meer dan 140 geclasseerde monumenten, in dewelke elk jaar vele evnementen en tentoonstellingen van gerenommeerde artiesten plaatsvinden. Een<\/p>\n","protected":false},"author":8,"featured_media":2275,"parent":2732,"menu_order":0,"comment_status":"closed","ping_status":"closed","template":"page-villes.php","meta":{"_acf_changed":false,"footnotes":""},"acf":[],"yoast_head":"<!-- This site is optimized with the Yoast SEO plugin v22.2 - https:\/\/yoast.com\/wordpress\/plugins\/seo\/ -->\n<title>Hotel bij Aix-en-Provence : Hotel b design &amp; spa - 5-sterren Hotel<\/title>\n<meta name=\"description\" content=\"Ontdek het b design &amp; spa hotel, een modern en eigentijds 5-sterren hotel gelegen aan de poorten van Aix-en-Provence, in het hart van de Alpilles.\" \/>\n<meta name=\"robots\" content=\"index, follow, max-snippet:-1, max-image-preview:large, max-video-preview:-1\" \/>\n<link rel=\"canonical\" href=\"https:\/\/www.hotelbdesign.fr\/nl\/tourisme\/provence\/aix-en-provence\/\" \/>\n<meta property=\"og:locale\" content=\"nl_NL\" \/>\n<meta property=\"og:type\" content=\"article\" \/>\n<meta property=\"og:title\" content=\"Hotel bij Aix-en-Provence : Hotel b design &amp; spa - 5-sterren Hotel\" \/>\n<meta property=\"og:description\" content=\"Ontdek het b design &amp; spa hotel, een modern en eigentijds 5-sterren hotel gelegen aan de poorten van Aix-en-Provence, in het hart van de Alpilles.\" \/>\n<meta property=\"og:url\" content=\"https:\/\/www.hotelbdesign.fr\/tourisme\/provence\/aix-en-provence\/\" \/>\n<meta property=\"og:site_name\" content=\"H\u00f4tel b design &amp; spa - H\u00f4tel spa 5 \u00e9toiles en Provence\" \/>\n<meta property=\"article:publisher\" content=\"https:\/\/www.facebook.com\/hotelbdesign\/\" \/>\n<meta property=\"article:modified_time\" content=\"2018-05-03T13:56:43+00:00\" \/>\n<meta property=\"og:image\" content=\"https:\/\/www.hotelbdesign.fr\/wp-content\/uploads\/2018\/04\/les-fontaines-d-Aix-en-provence.jpg\" \/>\n\t<meta property=\"og:image:width\" content=\"1920\" \/>\n\t<meta property=\"og:image:height\" content=\"1440\" \/>\n\t<meta property=\"og:image:type\" content=\"image\/jpeg\" \/>\n<meta name=\"twitter:card\" content=\"summary_large_image\" \/>\n<meta name=\"twitter:site\" content=\"@hotelbdesign\" \/>\n<meta name=\"twitter:label1\" content=\"Geschatte leestijd\" \/>\n\t<meta name=\"twitter:data1\" content=\"1 minuut\" \/>\n<script type=\"application\/ld+json\" class=\"yoast-schema-graph\">{\"@context\":\"https:\/\/schema.org\",\"@graph\":[{\"@type\":\"WebPage\",\"@id\":\"https:\/\/www.hotelbdesign.fr\/tourisme\/provence\/aix-en-provence\/\",\"url\":\"https:\/\/www.hotelbdesign.fr\/tourisme\/provence\/aix-en-provence\/\",\"name\":\"Hotel bij Aix-en-Provence : Hotel b design & spa - 5-sterren Hotel\",\"isPartOf\":{\"@id\":\"https:\/\/www.hotelbdesign.fr\/#website\"},\"primaryImageOfPage\":{\"@id\":\"https:\/\/www.hotelbdesign.fr\/tourisme\/provence\/aix-en-provence\/#primaryimage\"},\"image\":{\"@id\":\"https:\/\/www.hotelbdesign.fr\/tourisme\/provence\/aix-en-provence\/#primaryimage\"},\"thumbnailUrl\":\"https:\/\/www.hotelbdesign.fr\/wp-content\/uploads\/2018\/04\/les-fontaines-d-Aix-en-provence.jpg\",\"datePublished\":\"2018-05-03T13:53:05+00:00\",\"dateModified\":\"2018-05-03T13:56:43+00:00\",\"description\":\"Ontdek het b design & spa hotel, een modern en eigentijds 5-sterren hotel gelegen aan de poorten van Aix-en-Provence, in het hart van de Alpilles.\",\"breadcrumb\":{\"@id\":\"https:\/\/www.hotelbdesign.fr\/tourisme\/provence\/aix-en-provence\/#breadcrumb\"},\"inLanguage\":\"nl-NL\",\"potentialAction\":[{\"@type\":\"ReadAction\",\"target\":[\"https:\/\/www.hotelbdesign.fr\/tourisme\/provence\/aix-en-provence\/\"]}]},{\"@type\":\"ImageObject\",\"inLanguage\":\"nl-NL\",\"@id\":\"https:\/\/www.hotelbdesign.fr\/tourisme\/provence\/aix-en-provence\/#primaryimage\",\"url\":\"https:\/\/www.hotelbdesign.fr\/wp-content\/uploads\/2018\/04\/les-fontaines-d-Aix-en-provence.jpg\",\"contentUrl\":\"https:\/\/www.hotelbdesign.fr\/wp-content\/uploads\/2018\/04\/les-fontaines-d-Aix-en-provence.jpg\",\"width\":1920,\"height\":1440},{\"@type\":\"BreadcrumbList\",\"@id\":\"https:\/\/www.hotelbdesign.fr\/tourisme\/provence\/aix-en-provence\/#breadcrumb\",\"itemListElement\":[{\"@type\":\"ListItem\",\"position\":1,\"name\":\"Accueil\",\"item\":\"https:\/\/www.hotelbdesign.fr\/nl\/\"},{\"@type\":\"ListItem\",\"position\":2,\"name\":\"Activiteiten &#038; Ontspanning\",\"item\":\"https:\/\/www.hotelbdesign.fr\/nl\/activiteiten-ontspanning\/\"},{\"@type\":\"ListItem\",\"position\":3,\"name\":\"De Provence\",\"item\":\"https:\/\/www.hotelbdesign.fr\/nl\/activiteiten-ontspanning\/de-provence\/\"},{\"@type\":\"ListItem\",\"position\":4,\"name\":\"Aix-en-Provence\"}]},{\"@type\":\"WebSite\",\"@id\":\"https:\/\/www.hotelbdesign.fr\/#website\",\"url\":\"https:\/\/www.hotelbdesign.fr\/\",\"name\":\"H\u00f4tel b design &amp; spa - H\u00f4tel spa 5 \u00e9toiles en Provence\",\"description\":\"\",\"potentialAction\":[{\"@type\":\"SearchAction\",\"target\":{\"@type\":\"EntryPoint\",\"urlTemplate\":\"https:\/\/www.hotelbdesign.fr\/?s={search_term_string}\"},\"query-input\":\"required name=search_term_string\"}],\"inLanguage\":\"nl-NL\"}]}<\/script>\n<!-- \/ Yoast SEO plugin. -->","yoast_head_json":{"title":"Hotel bij Aix-en-Provence : Hotel b design & spa - 5-sterren Hotel","description":"Ontdek het b design & spa hotel, een modern en eigentijds 5-sterren hotel gelegen aan de poorten van Aix-en-Provence, in het hart van de Alpilles.","robots":{"index":"index","follow":"follow","max-snippet":"max-snippet:-1","max-image-preview":"max-image-preview:large","max-video-preview":"max-video-preview:-1"},"canonical":"https:\/\/www.hotelbdesign.fr\/nl\/tourisme\/provence\/aix-en-provence\/","og_locale":"nl_NL","og_type":"article","og_title":"Hotel bij Aix-en-Provence : Hotel b design & spa - 5-sterren Hotel","og_description":"Ontdek het b design & spa hotel, een modern en eigentijds 5-sterren hotel gelegen aan de poorten van Aix-en-Provence, in het hart van de Alpilles.","og_url":"https:\/\/www.hotelbdesign.fr\/tourisme\/provence\/aix-en-provence\/","og_site_name":"H\u00f4tel b design &amp; spa - H\u00f4tel spa 5 \u00e9toiles en Provence","article_publisher":"https:\/\/www.facebook.com\/hotelbdesign\/","article_modified_time":"2018-05-03T13:56:43+00:00","og_image":[{"width":1920,"height":1440,"url":"https:\/\/www.hotelbdesign.fr\/wp-content\/uploads\/2018\/04\/les-fontaines-d-Aix-en-provence.jpg","type":"image\/jpeg"}],"twitter_card":"summary_large_image","twitter_site":"@hotelbdesign","twitter_misc":{"Geschatte leestijd":"1 minuut"},"schema":{"@context":"https:\/\/schema.org","@graph":[{"@type":"WebPage","@id":"https:\/\/www.hotelbdesign.fr\/tourisme\/provence\/aix-en-provence\/","url":"https:\/\/www.hotelbdesign.fr\/tourisme\/provence\/aix-en-provence\/","name":"Hotel bij Aix-en-Provence : Hotel b design & spa - 5-sterren Hotel","isPartOf":{"@id":"https:\/\/www.hotelbdesign.fr\/#website"},"primaryImageOfPage":{"@id":"https:\/\/www.hotelbdesign.fr\/tourisme\/provence\/aix-en-provence\/#primaryimage"},"image":{"@id":"https:\/\/www.hotelbdesign.fr\/tourisme\/provence\/aix-en-provence\/#primaryimage"},"thumbnailUrl":"https:\/\/www.hotelbdesign.fr\/wp-content\/uploads\/2018\/04\/les-fontaines-d-Aix-en-provence.jpg","datePublished":"2018-05-03T13:53:05+00:00","dateModified":"2018-05-03T13:56:43+00:00","description":"Ontdek het b design & spa hotel, een modern en eigentijds 5-sterren hotel gelegen aan de poorten van Aix-en-Provence, in het hart van de Alpilles.","breadcrumb":{"@id":"https:\/\/www.hotelbdesign.fr\/tourisme\/provence\/aix-en-provence\/#breadcrumb"},"inLanguage":"nl-NL","potentialAction":[{"@type":"ReadAction","target":["https:\/\/www.hotelbdesign.fr\/tourisme\/provence\/aix-en-provence\/"]}]},{"@type":"ImageObject","inLanguage":"nl-NL","@id":"https:\/\/www.hotelbdesign.fr\/tourisme\/provence\/aix-en-provence\/#primaryimage","url":"https:\/\/www.hotelbdesign.fr\/wp-content\/uploads\/2018\/04\/les-fontaines-d-Aix-en-provence.jpg","contentUrl":"https:\/\/www.hotelbdesign.fr\/wp-content\/uploads\/2018\/04\/les-fontaines-d-Aix-en-provence.jpg","width":1920,"height":1440},{"@type":"BreadcrumbList","@id":"https:\/\/www.hotelbdesign.fr\/tourisme\/provence\/aix-en-provence\/#breadcrumb","itemListElement":[{"@type":"ListItem","position":1,"name":"Accueil","item":"https:\/\/www.hotelbdesign.fr\/nl\/"},{"@type":"ListItem","position":2,"name":"Activiteiten &#038; Ontspanning","item":"https:\/\/www.hotelbdesign.fr\/nl\/activiteiten-ontspanning\/"},{"@type":"ListItem","position":3,"name":"De Provence","item":"https:\/\/www.hotelbdesign.fr\/nl\/activiteiten-ontspanning\/de-provence\/"},{"@type":"ListItem","position":4,"name":"Aix-en-Provence"}]},{"@type":"WebSite","@id":"https:\/\/www.hotelbdesign.fr\/#website","url":"https:\/\/www.hotelbdesign.fr\/","name":"H\u00f4tel b design &amp; spa - H\u00f4tel spa 5 \u00e9toiles en Provence","description":"","potentialAction":[{"@type":"SearchAction","target":{"@type":"EntryPoint","urlTemplate":"https:\/\/www.hotelbdesign.fr\/?s={search_term_string}"},"query-input":"required name=search_term_string"}],"inLanguage":"nl-NL"}]}},"_links":{"self":[{"href":"https:\/\/www.hotelbdesign.fr\/nl\/wp-json\/wp\/v2\/pages\/2752\/"}],"collection":[{"href":"https:\/\/www.hotelbdesign.fr\/nl\/wp-json\/wp\/v2\/pages\/"}],"about":[{"href":"https:\/\/www.hotelbdesign.fr\/nl\/wp-json\/wp\/v2\/types\/page\/"}],"author":[{"embeddable":true,"href":"https:\/\/www.hotelbdesign.fr\/nl\/wp-json\/wp\/v2\/users\/8\/"}],"replies":[{"embeddable":true,"href":"https:\/\/www.hotelbdesign.fr\/nl\/wp-json\/wp\/v2\/comments\/?post=2752"}],"version-history":[{"count":10,"href":"https:\/\/www.hotelbdesign.fr\/nl\/wp-json\/wp\/v2\/pages\/2752\/revisions\/"}],"predecessor-version":[{"id":2765,"href":"https:\/\/www.hotelbdesign.fr\/nl\/wp-json\/wp\/v2\/pages\/2752\/revisions\/2765\/"}],"up":[{"embeddable":true,"href":"https:\/\/www.hotelbdesign.fr\/nl\/wp-json\/wp\/v2\/pages\/2732\/"}],"wp:featuredmedia":[{"embeddable":true,"href":"https:\/\/www.hotelbdesign.fr\/nl\/wp-json\/wp\/v2\/media\/2275\/"}],"wp:attachment":[{"href":"https:\/\/www.hotelbdesign.fr\/nl\/wp-json\/wp\/v2\/media\/?parent=2752"}],"curies":[{"name":"wp","href":"https:\/\/api.w.org\/{rel}","templated":true}]}}