


{"id":2146,"date":"2018-03-29T10:25:16","date_gmt":"2018-03-29T08:25:16","guid":{"rendered":"https:\/\/www.hotelbdesign.fr\/?page_id=2146"},"modified":"2018-03-29T10:25:16","modified_gmt":"2018-03-29T08:25:16","slug":"juridische-vermeldingen","status":"publish","type":"page","link":"https:\/\/www.hotelbdesign.fr\/nl\/juridische-vermeldingen\/","title":{"rendered":"Juridische vermeldingen"},"content":{"rendered":"<h2>Identificatie van de site-editor<\/h2>\n<p>De website\u00a0<a href=\"https:\/\/www.hotelbdesign.fr\/\" target=\"_blank\" rel=\"noopener\">https:\/\/www.hotelbdesign.fr<\/a>\u00a0wordt bewerkt door :<\/p>\n<p>De heer Andr\u00e9 Bourguignon, directeur van de publicatie en<\/p>\n<p>wettelijke vertegenwoordiger van de SARL BOURGUIGNON PROVENCE die haar maatschappelijke zetel heeft gekozen :<\/p>\n<p>1 chemin Bourgeac<br \/>\n13520 Paradou<\/p>\n<p><strong>TVA<\/strong>\u00a0:\u00a0FR49413032673<br \/>\n<strong>RCS \/ SIREN<\/strong>\u00a0:\u00a0413032673<br \/>\n<strong>SIRET<\/strong>\u00a0:\u00a041303267300019<\/p>\n<h2>Site ontwikkeling &amp; Hosting<\/h2>\n<div style=\"float: left; width: 50%;\">\n<p>De website <a href=\"https:\/\/www.hotelbdesign.fr\" target=\"_blank\" rel=\"noopener\">https:\/\/www.hotelbdesign.fr<\/a> was gericht door :<\/p>\n<p><strong>404 DEV<\/strong>. [<a href=\"https:\/\/www.404dev.fr\" target=\"_blank\" rel=\"nofollow noopener\">Website<\/a>]\n<p>449 avenue de Lunel<br \/>\n34400 Saint-Just<\/p>\n<p>T\u00e9l. :\u00a007 83 38 75 37<\/p>\n<\/div>\n<div>\n<p>De website <a href=\"https:\/\/www.hotelbdesign.fr\" target=\"_blank\" rel=\"noopener\">https:\/\/www.hotelbdesign.fr<\/a> wordt gehost door :<\/p>\n<p><strong>OVH<\/strong>.\u00a0[<a href=\"https:\/\/www.ovh.com\" target=\"_blank\" rel=\"nofollow noopener\">Website<\/a>]\n<p>2 rue Kellemann<br \/>\n59100 Roubaix &#8211; FRANCE<\/p>\n<p>T\u00e9l. : 1007<\/p>\n<\/div>\n<h2>Foto kredieten<\/h2>\n<p>De website\u00a0<a href=\"https:\/\/www.hotelbdesign.fr\/\" target=\"_blank\" rel=\"noopener\">https:\/\/www.hotelbdesign.fr<\/a>\u00a0maakt gebruik van foto\u2019s en beelden gemaakt door :<\/p>\n<p><strong>Bourguignon Provence SARL<\/strong>\u00a0|\u00a0<strong>DRAKKAR COMMUNICATION<\/strong>\u00a0|\u00a0<strong>PIXABAY<\/strong>\u00a0|\u00a0<strong>ADOBE STOCK<\/strong>\u00a0|\u00a0<strong>Monsieur Fran\u00e7ois MOURA\u00a0<\/strong>|<strong>\u00a0Mme Laura\u00a0 SOULAGES<\/strong><\/p>\n<h2>Verklaring aan de CNIL<\/h2>\n<p>In overeenstemming met de wet \u201cInformatique et Libert\u00e9s\u201d van 6 januari 1978, is deze site gedeponeerd bij de CNIL \u2013 gedateerd 23 augustus 2011 \u2013 ontvangst van de aangifte n\u00b0 <strong>152 7516<\/strong>.<\/p>\n<p>In overeenstemming met de wet \u201cInformatique et Libert\u00e9s\u201d van 6 januari 1978, hebben de personen die persoonlijke informatie hebben verstrekt een recht van volledige controle over deze. Om uw recht op toegang tot en wijziging van deze gegevens uit te oefenen, stuurt u een e-mail naar het volgende adres: <a href=\"mailto:reservation@www.hotelbdesign.fr\">reservation@www.hotelbdesign.fr<\/a>. Bovendien wordt er geen persoonlijke informatie verzameld zonder de medeweten van de gebruikers van de site, noch gegeven aan derden, noch gebruikt voor persoonlijke doeleinden.<\/p>\n","protected":false},"excerpt":{"rendered":"<p>Identificatie van de site-editor De website\u00a0https:\/\/www.hotelbdesign.fr\u00a0wordt bewerkt door : De heer Andr\u00e9 Bourguignon, directeur van de publicatie en wettelijke vertegenwoordiger van de SARL BOURGUIGNON PROVENCE die haar maatschappelijke zetel heeft gekozen : 1 chemin Bourgeac 13520 Paradou TVA\u00a0:\u00a0FR49413032673 RCS \/ SIREN\u00a0:\u00a0413032673 SIRET\u00a0:\u00a041303267300019 Site ontwikkeling &amp; Hosting De website https:\/\/www.hotelbdesign.fr was gericht door : 404 DEV.<\/p>\n","protected":false},"author":8,"featured_media":0,"parent":0,"menu_order":0,"comment_status":"closed","ping_status":"closed","template":"","meta":{"_acf_changed":false,"footnotes":""},"acf":[],"yoast_head":"<!-- This site is optimized with the Yoast SEO plugin v22.2 - https:\/\/yoast.com\/wordpress\/plugins\/seo\/ -->\n<title>Juridische vermeldingen - H\u00f4tel b design &amp; spa - H\u00f4tel spa 5 \u00e9toiles en Provence<\/title>\n<meta name=\"robots\" content=\"index, follow, max-snippet:-1, max-image-preview:large, max-video-preview:-1\" \/>\n<link rel=\"canonical\" href=\"https:\/\/www.hotelbdesign.fr\/nl\/mentions-legales\/\" \/>\n<meta property=\"og:locale\" content=\"nl_NL\" \/>\n<meta property=\"og:type\" content=\"article\" \/>\n<meta property=\"og:title\" content=\"Juridische vermeldingen - H\u00f4tel b design &amp; spa - H\u00f4tel spa 5 \u00e9toiles en Provence\" \/>\n<meta property=\"og:description\" content=\"Identificatie van de site-editor De website\u00a0https:\/\/www.hotelbdesign.fr\u00a0wordt bewerkt door : De heer Andr\u00e9 Bourguignon, directeur van de publicatie en wettelijke vertegenwoordiger van de SARL BOURGUIGNON PROVENCE die haar maatschappelijke zetel heeft gekozen : 1 chemin Bourgeac 13520 Paradou TVA\u00a0:\u00a0FR49413032673 RCS \/ SIREN\u00a0:\u00a0413032673 SIRET\u00a0:\u00a041303267300019 Site ontwikkeling &amp; Hosting De website https:\/\/www.hotelbdesign.fr was gericht door : 404 DEV.\" \/>\n<meta property=\"og:url\" content=\"https:\/\/www.hotelbdesign.fr\/mentions-legales\/\" \/>\n<meta property=\"og:site_name\" content=\"H\u00f4tel b design &amp; spa - H\u00f4tel spa 5 \u00e9toiles en Provence\" \/>\n<meta property=\"article:publisher\" content=\"https:\/\/www.facebook.com\/hotelbdesign\/\" \/>\n<meta name=\"twitter:card\" content=\"summary_large_image\" \/>\n<meta name=\"twitter:site\" content=\"@hotelbdesign\" \/>\n<meta name=\"twitter:label1\" content=\"Geschatte leestijd\" \/>\n\t<meta name=\"twitter:data1\" content=\"1 minuut\" \/>\n<script type=\"application\/ld+json\" class=\"yoast-schema-graph\">{\"@context\":\"https:\/\/schema.org\",\"@graph\":[{\"@type\":\"WebPage\",\"@id\":\"https:\/\/www.hotelbdesign.fr\/mentions-legales\/\",\"url\":\"https:\/\/www.hotelbdesign.fr\/mentions-legales\/\",\"name\":\"Juridische vermeldingen - H\u00f4tel b design &amp; spa - H\u00f4tel spa 5 \u00e9toiles en Provence\",\"isPartOf\":{\"@id\":\"https:\/\/www.hotelbdesign.fr\/#website\"},\"datePublished\":\"2018-03-29T08:25:16+00:00\",\"dateModified\":\"2018-03-29T08:25:16+00:00\",\"breadcrumb\":{\"@id\":\"https:\/\/www.hotelbdesign.fr\/mentions-legales\/#breadcrumb\"},\"inLanguage\":\"nl-NL\",\"potentialAction\":[{\"@type\":\"ReadAction\",\"target\":[\"https:\/\/www.hotelbdesign.fr\/mentions-legales\/\"]}]},{\"@type\":\"BreadcrumbList\",\"@id\":\"https:\/\/www.hotelbdesign.fr\/mentions-legales\/#breadcrumb\",\"itemListElement\":[{\"@type\":\"ListItem\",\"position\":1,\"name\":\"Accueil\",\"item\":\"https:\/\/www.hotelbdesign.fr\/nl\/\"},{\"@type\":\"ListItem\",\"position\":2,\"name\":\"Juridische vermeldingen\"}]},{\"@type\":\"WebSite\",\"@id\":\"https:\/\/www.hotelbdesign.fr\/#website\",\"url\":\"https:\/\/www.hotelbdesign.fr\/\",\"name\":\"H\u00f4tel b design &amp; spa - H\u00f4tel spa 5 \u00e9toiles en Provence\",\"description\":\"\",\"potentialAction\":[{\"@type\":\"SearchAction\",\"target\":{\"@type\":\"EntryPoint\",\"urlTemplate\":\"https:\/\/www.hotelbdesign.fr\/?s={search_term_string}\"},\"query-input\":\"required name=search_term_string\"}],\"inLanguage\":\"nl-NL\"}]}<\/script>\n<!-- \/ Yoast SEO plugin. -->","yoast_head_json":{"title":"Juridische vermeldingen - H\u00f4tel b design &amp; spa - H\u00f4tel spa 5 \u00e9toiles en Provence","robots":{"index":"index","follow":"follow","max-snippet":"max-snippet:-1","max-image-preview":"max-image-preview:large","max-video-preview":"max-video-preview:-1"},"canonical":"https:\/\/www.hotelbdesign.fr\/nl\/mentions-legales\/","og_locale":"nl_NL","og_type":"article","og_title":"Juridische vermeldingen - H\u00f4tel b design &amp; spa - H\u00f4tel spa 5 \u00e9toiles en Provence","og_description":"Identificatie van de site-editor De website\u00a0https:\/\/www.hotelbdesign.fr\u00a0wordt bewerkt door : De heer Andr\u00e9 Bourguignon, directeur van de publicatie en wettelijke vertegenwoordiger van de SARL BOURGUIGNON PROVENCE die haar maatschappelijke zetel heeft gekozen : 1 chemin Bourgeac 13520 Paradou TVA\u00a0:\u00a0FR49413032673 RCS \/ SIREN\u00a0:\u00a0413032673 SIRET\u00a0:\u00a041303267300019 Site ontwikkeling &amp; Hosting De website https:\/\/www.hotelbdesign.fr was gericht door : 404 DEV.","og_url":"https:\/\/www.hotelbdesign.fr\/mentions-legales\/","og_site_name":"H\u00f4tel b design &amp; spa - H\u00f4tel spa 5 \u00e9toiles en Provence","article_publisher":"https:\/\/www.facebook.com\/hotelbdesign\/","twitter_card":"summary_large_image","twitter_site":"@hotelbdesign","twitter_misc":{"Geschatte leestijd":"1 minuut"},"schema":{"@context":"https:\/\/schema.org","@graph":[{"@type":"WebPage","@id":"https:\/\/www.hotelbdesign.fr\/mentions-legales\/","url":"https:\/\/www.hotelbdesign.fr\/mentions-legales\/","name":"Juridische vermeldingen - H\u00f4tel b design &amp; spa - H\u00f4tel spa 5 \u00e9toiles en Provence","isPartOf":{"@id":"https:\/\/www.hotelbdesign.fr\/#website"},"datePublished":"2018-03-29T08:25:16+00:00","dateModified":"2018-03-29T08:25:16+00:00","breadcrumb":{"@id":"https:\/\/www.hotelbdesign.fr\/mentions-legales\/#breadcrumb"},"inLanguage":"nl-NL","potentialAction":[{"@type":"ReadAction","target":["https:\/\/www.hotelbdesign.fr\/mentions-legales\/"]}]},{"@type":"BreadcrumbList","@id":"https:\/\/www.hotelbdesign.fr\/mentions-legales\/#breadcrumb","itemListElement":[{"@type":"ListItem","position":1,"name":"Accueil","item":"https:\/\/www.hotelbdesign.fr\/nl\/"},{"@type":"ListItem","position":2,"name":"Juridische vermeldingen"}]},{"@type":"WebSite","@id":"https:\/\/www.hotelbdesign.fr\/#website","url":"https:\/\/www.hotelbdesign.fr\/","name":"H\u00f4tel b design &amp; spa - H\u00f4tel spa 5 \u00e9toiles en Provence","description":"","potentialAction":[{"@type":"SearchAction","target":{"@type":"EntryPoint","urlTemplate":"https:\/\/www.hotelbdesign.fr\/?s={search_term_string}"},"query-input":"required name=search_term_string"}],"inLanguage":"nl-NL"}]}},"_links":{"self":[{"href":"https:\/\/www.hotelbdesign.fr\/nl\/wp-json\/wp\/v2\/pages\/2146\/"}],"collection":[{"href":"https:\/\/www.hotelbdesign.fr\/nl\/wp-json\/wp\/v2\/pages\/"}],"about":[{"href":"https:\/\/www.hotelbdesign.fr\/nl\/wp-json\/wp\/v2\/types\/page\/"}],"author":[{"embeddable":true,"href":"https:\/\/www.hotelbdesign.fr\/nl\/wp-json\/wp\/v2\/users\/8\/"}],"replies":[{"embeddable":true,"href":"https:\/\/www.hotelbdesign.fr\/nl\/wp-json\/wp\/v2\/comments\/?post=2146"}],"version-history":[{"count":3,"href":"https:\/\/www.hotelbdesign.fr\/nl\/wp-json\/wp\/v2\/pages\/2146\/revisions\/"}],"predecessor-version":[{"id":2149,"href":"https:\/\/www.hotelbdesign.fr\/nl\/wp-json\/wp\/v2\/pages\/2146\/revisions\/2149\/"}],"wp:attachment":[{"href":"https:\/\/www.hotelbdesign.fr\/nl\/wp-json\/wp\/v2\/media\/?parent=2146"}],"curies":[{"name":"wp","href":"https:\/\/api.w.org\/{rel}","templated":true}]}}