


{"id":1721,"date":"2016-10-01T20:39:24","date_gmt":"2016-10-01T18:39:24","guid":{"rendered":"https:\/\/www.hotelbdesign.fr\/hotel-5-etoiles-provence\/"},"modified":"2018-02-26T15:45:17","modified_gmt":"2018-02-26T14:45:17","slug":"5sterren-hotel-provence","status":"publish","type":"page","link":"https:\/\/www.hotelbdesign.fr\/nl\/5sterren-hotel-provence\/","title":{"rendered":"Het Hotel"},"content":{"rendered":"","protected":false},"excerpt":{"rendered":"","protected":false},"author":8,"featured_media":0,"parent":0,"menu_order":0,"comment_status":"closed","ping_status":"closed","template":"","meta":{"_acf_changed":false,"footnotes":""},"acf":[],"yoast_head":"<!-- This site is optimized with the Yoast SEO plugin v22.2 - https:\/\/yoast.com\/wordpress\/plugins\/seo\/ -->\n<title>Het Hotel - H\u00f4tel b design &amp; spa - H\u00f4tel spa 5 \u00e9toiles en Provence<\/title>\n<meta name=\"robots\" content=\"noindex, follow\" \/>\n<meta property=\"og:locale\" content=\"nl_NL\" \/>\n<meta property=\"og:type\" content=\"article\" \/>\n<meta property=\"og:title\" content=\"Het Hotel - H\u00f4tel b design &amp; spa - H\u00f4tel spa 5 \u00e9toiles en Provence\" \/>\n<meta property=\"og:url\" content=\"https:\/\/www.hotelbdesign.fr\/hotel-5-etoiles-provence\/\" \/>\n<meta property=\"og:site_name\" content=\"H\u00f4tel b design &amp; spa - H\u00f4tel spa 5 \u00e9toiles en Provence\" \/>\n<meta property=\"article:publisher\" content=\"https:\/\/www.facebook.com\/hotelbdesign\/\" \/>\n<meta property=\"article:modified_time\" content=\"2018-02-26T14:45:17+00:00\" \/>\n<meta name=\"twitter:card\" content=\"summary_large_image\" \/>\n<meta name=\"twitter:site\" content=\"@hotelbdesign\" \/>\n<script type=\"application\/ld+json\" class=\"yoast-schema-graph\">{\"@context\":\"https:\/\/schema.org\",\"@graph\":[{\"@type\":\"WebPage\",\"@id\":\"https:\/\/www.hotelbdesign.fr\/hotel-5-etoiles-provence\/\",\"url\":\"https:\/\/www.hotelbdesign.fr\/hotel-5-etoiles-provence\/\",\"name\":\"Het Hotel - H\u00f4tel b design &amp; spa - H\u00f4tel spa 5 \u00e9toiles en Provence\",\"isPartOf\":{\"@id\":\"https:\/\/www.hotelbdesign.fr\/#website\"},\"datePublished\":\"2016-10-01T18:39:24+00:00\",\"dateModified\":\"2018-02-26T14:45:17+00:00\",\"breadcrumb\":{\"@id\":\"https:\/\/www.hotelbdesign.fr\/hotel-5-etoiles-provence\/#breadcrumb\"},\"inLanguage\":\"nl-NL\",\"potentialAction\":[{\"@type\":\"ReadAction\",\"target\":[\"https:\/\/www.hotelbdesign.fr\/hotel-5-etoiles-provence\/\"]}]},{\"@type\":\"BreadcrumbList\",\"@id\":\"https:\/\/www.hotelbdesign.fr\/hotel-5-etoiles-provence\/#breadcrumb\",\"itemListElement\":[{\"@type\":\"ListItem\",\"position\":1,\"name\":\"Accueil\",\"item\":\"https:\/\/www.hotelbdesign.fr\/nl\/\"},{\"@type\":\"ListItem\",\"position\":2,\"name\":\"Het Hotel\"}]},{\"@type\":\"WebSite\",\"@id\":\"https:\/\/www.hotelbdesign.fr\/#website\",\"url\":\"https:\/\/www.hotelbdesign.fr\/\",\"name\":\"H\u00f4tel b design &amp; spa - H\u00f4tel spa 5 \u00e9toiles en Provence\",\"description\":\"\",\"potentialAction\":[{\"@type\":\"SearchAction\",\"target\":{\"@type\":\"EntryPoint\",\"urlTemplate\":\"https:\/\/www.hotelbdesign.fr\/?s={search_term_string}\"},\"query-input\":\"required name=search_term_string\"}],\"inLanguage\":\"nl-NL\"}]}<\/script>\n<!-- \/ Yoast SEO plugin. -->","yoast_head_json":{"title":"Het Hotel - H\u00f4tel b design &amp; spa - H\u00f4tel spa 5 \u00e9toiles en Provence","robots":{"index":"noindex","follow":"follow"},"og_locale":"nl_NL","og_type":"article","og_title":"Het Hotel - H\u00f4tel b design &amp; spa - H\u00f4tel spa 5 \u00e9toiles en Provence","og_url":"https:\/\/www.hotelbdesign.fr\/hotel-5-etoiles-provence\/","og_site_name":"H\u00f4tel b design &amp; spa - H\u00f4tel spa 5 \u00e9toiles en Provence","article_publisher":"https:\/\/www.facebook.com\/hotelbdesign\/","article_modified_time":"2018-02-26T14:45:17+00:00","twitter_card":"summary_large_image","twitter_site":"@hotelbdesign","schema":{"@context":"https:\/\/schema.org","@graph":[{"@type":"WebPage","@id":"https:\/\/www.hotelbdesign.fr\/hotel-5-etoiles-provence\/","url":"https:\/\/www.hotelbdesign.fr\/hotel-5-etoiles-provence\/","name":"Het Hotel - H\u00f4tel b design &amp; spa - H\u00f4tel spa 5 \u00e9toiles en Provence","isPartOf":{"@id":"https:\/\/www.hotelbdesign.fr\/#website"},"datePublished":"2016-10-01T18:39:24+00:00","dateModified":"2018-02-26T14:45:17+00:00","breadcrumb":{"@id":"https:\/\/www.hotelbdesign.fr\/hotel-5-etoiles-provence\/#breadcrumb"},"inLanguage":"nl-NL","potentialAction":[{"@type":"ReadAction","target":["https:\/\/www.hotelbdesign.fr\/hotel-5-etoiles-provence\/"]}]},{"@type":"BreadcrumbList","@id":"https:\/\/www.hotelbdesign.fr\/hotel-5-etoiles-provence\/#breadcrumb","itemListElement":[{"@type":"ListItem","position":1,"name":"Accueil","item":"https:\/\/www.hotelbdesign.fr\/nl\/"},{"@type":"ListItem","position":2,"name":"Het Hotel"}]},{"@type":"WebSite","@id":"https:\/\/www.hotelbdesign.fr\/#website","url":"https:\/\/www.hotelbdesign.fr\/","name":"H\u00f4tel b design &amp; spa - H\u00f4tel spa 5 \u00e9toiles en Provence","description":"","potentialAction":[{"@type":"SearchAction","target":{"@type":"EntryPoint","urlTemplate":"https:\/\/www.hotelbdesign.fr\/?s={search_term_string}"},"query-input":"required name=search_term_string"}],"inLanguage":"nl-NL"}]}},"_links":{"self":[{"href":"https:\/\/www.hotelbdesign.fr\/nl\/wp-json\/wp\/v2\/pages\/1721\/"}],"collection":[{"href":"https:\/\/www.hotelbdesign.fr\/nl\/wp-json\/wp\/v2\/pages\/"}],"about":[{"href":"https:\/\/www.hotelbdesign.fr\/nl\/wp-json\/wp\/v2\/types\/page\/"}],"author":[{"embeddable":true,"href":"https:\/\/www.hotelbdesign.fr\/nl\/wp-json\/wp\/v2\/users\/8\/"}],"replies":[{"embeddable":true,"href":"https:\/\/www.hotelbdesign.fr\/nl\/wp-json\/wp\/v2\/comments\/?post=1721"}],"version-history":[{"count":2,"href":"https:\/\/www.hotelbdesign.fr\/nl\/wp-json\/wp\/v2\/pages\/1721\/revisions\/"}],"predecessor-version":[{"id":1723,"href":"https:\/\/www.hotelbdesign.fr\/nl\/wp-json\/wp\/v2\/pages\/1721\/revisions\/1723\/"}],"wp:attachment":[{"href":"https:\/\/www.hotelbdesign.fr\/nl\/wp-json\/wp\/v2\/media\/?parent=1721"}],"curies":[{"name":"wp","href":"https:\/\/api.w.org\/{rel}","templated":true}]}}