


{"id":1717,"date":"2016-09-20T08:50:59","date_gmt":"2016-09-20T08:50:59","guid":{"rendered":"https:\/\/www.hotelbdesign.fr\/home\/"},"modified":"2018-03-08T11:08:12","modified_gmt":"2018-03-08T10:08:12","slug":"home","status":"publish","type":"page","link":"https:\/\/www.hotelbdesign.fr\/nl\/","title":{"rendered":"Home"},"content":{"rendered":"","protected":false},"excerpt":{"rendered":"","protected":false},"author":8,"featured_media":0,"parent":0,"menu_order":0,"comment_status":"closed","ping_status":"closed","template":"","meta":{"_acf_changed":false,"footnotes":""},"acf":[],"yoast_head":"<!-- This site is optimized with the Yoast SEO plugin v22.2 - https:\/\/yoast.com\/wordpress\/plugins\/seo\/ -->\n<title>H\u00f4tel b design &amp; spa - 5-sterren hotel Paradou - Provence<\/title>\n<meta name=\"description\" content=\"Kom en ontdek het hotel b design &amp; spa! Een modern en eigentijds 5-sterren spa hotel. Ideaal gelegen, geschikt voor ontspannende vakanties in de Provence of voor zakelijke verblijven en lunches. Gelegen in Paradou, op enkele minuten van Les Baux-de-Provence in het hart van de Alpilles.\" \/>\n<meta name=\"robots\" content=\"index, follow, max-snippet:-1, max-image-preview:large, max-video-preview:-1\" \/>\n<link rel=\"canonical\" href=\"https:\/\/www.hotelbdesign.fr\/nl\/\" \/>\n<meta property=\"og:locale\" content=\"nl_NL\" \/>\n<meta property=\"og:type\" content=\"article\" \/>\n<meta property=\"og:title\" content=\"H\u00f4tel b design &amp; spa - 5-sterren hotel Paradou - Provence\" \/>\n<meta property=\"og:description\" content=\"Kom en ontdek het hotel b design &amp; spa! Een modern en eigentijds 5-sterren spa hotel. Ideaal gelegen, geschikt voor ontspannende vakanties in de Provence of voor zakelijke verblijven en lunches. Gelegen in Paradou, op enkele minuten van Les Baux-de-Provence in het hart van de Alpilles.\" \/>\n<meta property=\"og:url\" content=\"https:\/\/www.hotelbdesign.fr\/nl\/\" \/>\n<meta property=\"og:site_name\" content=\"H\u00f4tel b design &amp; spa - H\u00f4tel spa 5 \u00e9toiles en Provence\" \/>\n<meta property=\"article:publisher\" content=\"https:\/\/www.facebook.com\/hotelbdesign\/\" \/>\n<meta property=\"article:modified_time\" content=\"2018-03-08T10:08:12+00:00\" \/>\n<meta name=\"twitter:card\" content=\"summary_large_image\" \/>\n<meta name=\"twitter:site\" content=\"@hotelbdesign\" \/>\n<script type=\"application\/ld+json\" class=\"yoast-schema-graph\">{\"@context\":\"https:\/\/schema.org\",\"@graph\":[{\"@type\":\"WebPage\",\"@id\":\"https:\/\/www.hotelbdesign.fr\/nl\/\",\"url\":\"https:\/\/www.hotelbdesign.fr\/nl\/\",\"name\":\"H\u00f4tel b design & spa - 5-sterren hotel Paradou - Provence\",\"isPartOf\":{\"@id\":\"https:\/\/www.hotelbdesign.fr\/#website\"},\"datePublished\":\"2016-09-20T08:50:59+00:00\",\"dateModified\":\"2018-03-08T10:08:12+00:00\",\"description\":\"Kom en ontdek het hotel b design & spa! Een modern en eigentijds 5-sterren spa hotel. Ideaal gelegen, geschikt voor ontspannende vakanties in de Provence of voor zakelijke verblijven en lunches. Gelegen in Paradou, op enkele minuten van Les Baux-de-Provence in het hart van de Alpilles.\",\"breadcrumb\":{\"@id\":\"https:\/\/www.hotelbdesign.fr\/nl\/#breadcrumb\"},\"inLanguage\":\"nl-NL\",\"potentialAction\":[{\"@type\":\"ReadAction\",\"target\":[\"https:\/\/www.hotelbdesign.fr\/nl\/\"]}]},{\"@type\":\"BreadcrumbList\",\"@id\":\"https:\/\/www.hotelbdesign.fr\/nl\/#breadcrumb\",\"itemListElement\":[{\"@type\":\"ListItem\",\"position\":1,\"name\":\"Accueil\",\"item\":\"https:\/\/www.hotelbdesign.fr\/nl\/\"},{\"@type\":\"ListItem\",\"position\":2,\"name\":\"Home\"}]},{\"@type\":\"WebSite\",\"@id\":\"https:\/\/www.hotelbdesign.fr\/#website\",\"url\":\"https:\/\/www.hotelbdesign.fr\/\",\"name\":\"H\u00f4tel b design &amp; spa - H\u00f4tel spa 5 \u00e9toiles en Provence\",\"description\":\"\",\"potentialAction\":[{\"@type\":\"SearchAction\",\"target\":{\"@type\":\"EntryPoint\",\"urlTemplate\":\"https:\/\/www.hotelbdesign.fr\/?s={search_term_string}\"},\"query-input\":\"required name=search_term_string\"}],\"inLanguage\":\"nl-NL\"}]}<\/script>\n<!-- \/ Yoast SEO plugin. -->","yoast_head_json":{"title":"H\u00f4tel b design & spa - 5-sterren hotel Paradou - Provence","description":"Kom en ontdek het hotel b design & spa! Een modern en eigentijds 5-sterren spa hotel. Ideaal gelegen, geschikt voor ontspannende vakanties in de Provence of voor zakelijke verblijven en lunches. Gelegen in Paradou, op enkele minuten van Les Baux-de-Provence in het hart van de Alpilles.","robots":{"index":"index","follow":"follow","max-snippet":"max-snippet:-1","max-image-preview":"max-image-preview:large","max-video-preview":"max-video-preview:-1"},"canonical":"https:\/\/www.hotelbdesign.fr\/nl\/","og_locale":"nl_NL","og_type":"article","og_title":"H\u00f4tel b design & spa - 5-sterren hotel Paradou - Provence","og_description":"Kom en ontdek het hotel b design & spa! Een modern en eigentijds 5-sterren spa hotel. Ideaal gelegen, geschikt voor ontspannende vakanties in de Provence of voor zakelijke verblijven en lunches. Gelegen in Paradou, op enkele minuten van Les Baux-de-Provence in het hart van de Alpilles.","og_url":"https:\/\/www.hotelbdesign.fr\/nl\/","og_site_name":"H\u00f4tel b design &amp; spa - H\u00f4tel spa 5 \u00e9toiles en Provence","article_publisher":"https:\/\/www.facebook.com\/hotelbdesign\/","article_modified_time":"2018-03-08T10:08:12+00:00","twitter_card":"summary_large_image","twitter_site":"@hotelbdesign","schema":{"@context":"https:\/\/schema.org","@graph":[{"@type":"WebPage","@id":"https:\/\/www.hotelbdesign.fr\/nl\/","url":"https:\/\/www.hotelbdesign.fr\/nl\/","name":"H\u00f4tel b design & spa - 5-sterren hotel Paradou - Provence","isPartOf":{"@id":"https:\/\/www.hotelbdesign.fr\/#website"},"datePublished":"2016-09-20T08:50:59+00:00","dateModified":"2018-03-08T10:08:12+00:00","description":"Kom en ontdek het hotel b design & spa! Een modern en eigentijds 5-sterren spa hotel. Ideaal gelegen, geschikt voor ontspannende vakanties in de Provence of voor zakelijke verblijven en lunches. Gelegen in Paradou, op enkele minuten van Les Baux-de-Provence in het hart van de Alpilles.","breadcrumb":{"@id":"https:\/\/www.hotelbdesign.fr\/nl\/#breadcrumb"},"inLanguage":"nl-NL","potentialAction":[{"@type":"ReadAction","target":["https:\/\/www.hotelbdesign.fr\/nl\/"]}]},{"@type":"BreadcrumbList","@id":"https:\/\/www.hotelbdesign.fr\/nl\/#breadcrumb","itemListElement":[{"@type":"ListItem","position":1,"name":"Accueil","item":"https:\/\/www.hotelbdesign.fr\/nl\/"},{"@type":"ListItem","position":2,"name":"Home"}]},{"@type":"WebSite","@id":"https:\/\/www.hotelbdesign.fr\/#website","url":"https:\/\/www.hotelbdesign.fr\/","name":"H\u00f4tel b design &amp; spa - H\u00f4tel spa 5 \u00e9toiles en Provence","description":"","potentialAction":[{"@type":"SearchAction","target":{"@type":"EntryPoint","urlTemplate":"https:\/\/www.hotelbdesign.fr\/?s={search_term_string}"},"query-input":"required name=search_term_string"}],"inLanguage":"nl-NL"}]}},"_links":{"self":[{"href":"https:\/\/www.hotelbdesign.fr\/nl\/wp-json\/wp\/v2\/pages\/1717\/"}],"collection":[{"href":"https:\/\/www.hotelbdesign.fr\/nl\/wp-json\/wp\/v2\/pages\/"}],"about":[{"href":"https:\/\/www.hotelbdesign.fr\/nl\/wp-json\/wp\/v2\/types\/page\/"}],"author":[{"embeddable":true,"href":"https:\/\/www.hotelbdesign.fr\/nl\/wp-json\/wp\/v2\/users\/8\/"}],"replies":[{"embeddable":true,"href":"https:\/\/www.hotelbdesign.fr\/nl\/wp-json\/wp\/v2\/comments\/?post=1717"}],"version-history":[{"count":5,"href":"https:\/\/www.hotelbdesign.fr\/nl\/wp-json\/wp\/v2\/pages\/1717\/revisions\/"}],"predecessor-version":[{"id":2658,"href":"https:\/\/www.hotelbdesign.fr\/nl\/wp-json\/wp\/v2\/pages\/1717\/revisions\/2658\/"}],"wp:attachment":[{"href":"https:\/\/www.hotelbdesign.fr\/nl\/wp-json\/wp\/v2\/media\/?parent=1717"}],"curies":[{"name":"wp","href":"https:\/\/api.w.org\/{rel}","templated":true}]}}