


{"id":2633,"date":"2018-04-20T18:00:00","date_gmt":"2018-04-20T16:00:00","guid":{"rendered":"https:\/\/www.hotelbdesign.fr\/?page_id=2633"},"modified":"2018-05-11T13:37:27","modified_gmt":"2018-05-11T11:37:27","slug":"arles","status":"publish","type":"page","link":"https:\/\/www.hotelbdesign.fr\/en\/arles\/","title":{"rendered":"Arles"},"content":{"rendered":"<p>Once a provincial capital of the ancient\u00a0 Rome, Arles is a city located next to the Rhone, 20 minutes from our 20 minutes from our h\u00f4tel b design &amp; spa.<\/p>\n<p>Coty of Art and History, Arles is famous as it has inspired Van Gogh for many of his masterpiece, and abounds with hundreds of roman monuments, both classified as a\u00a0World Heritage site\u00a0by Unesco.<\/p>\n<p>The renowned amphitheater\u00a0of Arles also welcomes theater performances, concert and bullfights.<\/p>\n<h3>The \u201cMust See\u201d of Arles :<\/h3>\n<ul>\n<li>The Arenas<\/li>\n<li>The Arles Ferias<\/li>\n<li>Van Gogh Tour<\/li>\n<li>The antique Theater<\/li>\n<li>The Alyscamps<\/li>\n<li>Constantin\u2019s thermal baths<\/li>\n<li>The museum of the ancient Arles<\/li>\n<li>Montmajour abbey<\/li>\n<li>The\u00a0Arlaten\u00a0 museum<\/li>\n<li>The rice Musuem<\/li>\n<\/ul>\n","protected":false},"excerpt":{"rendered":"<p>Once a provincial capital of the ancient\u00a0 Rome, Arles is a city located next to the Rhone, 20 minutes from our 20 minutes from our h\u00f4tel b design &amp; spa. Coty of Art and History, Arles is famous as it has inspired Van Gogh for many of his masterpiece, and abounds with hundreds of roman<\/p>\n","protected":false},"author":8,"featured_media":2280,"parent":0,"menu_order":0,"comment_status":"closed","ping_status":"closed","template":"page-villes.php","meta":{"_acf_changed":false,"footnotes":""},"acf":[],"yoast_head":"<!-- This site is optimized with the Yoast SEO plugin v22.2 - https:\/\/yoast.com\/wordpress\/plugins\/seo\/ -->\n<title>H\u00f4tel near Arles - H\u00f4tel b design &amp; spa - 5-star hotel<\/title>\n<meta name=\"description\" content=\"Discover the b design &amp; spa hotel, a modern and contemporary 5 star hotel located at the gates of Arles, in the heart of the Alpilles.\" \/>\n<meta name=\"robots\" content=\"index, follow, max-snippet:-1, max-image-preview:large, max-video-preview:-1\" \/>\n<link rel=\"canonical\" href=\"https:\/\/www.hotelbdesign.fr\/en\/tourisme\/camargue\/arles\/\" \/>\n<meta property=\"og:locale\" content=\"en_US\" \/>\n<meta property=\"og:type\" content=\"article\" \/>\n<meta property=\"og:title\" content=\"H\u00f4tel near Arles - H\u00f4tel b design &amp; spa - 5-star hotel\" \/>\n<meta property=\"og:description\" content=\"Discover the b design &amp; spa hotel, a modern and contemporary 5 star hotel located at the gates of Arles, in the heart of the Alpilles.\" \/>\n<meta property=\"og:url\" content=\"https:\/\/www.hotelbdesign.fr\/tourisme\/camargue\/arles\/\" \/>\n<meta property=\"og:site_name\" content=\"H\u00f4tel b design &amp; spa - H\u00f4tel spa 5 \u00e9toiles en Provence\" \/>\n<meta property=\"article:publisher\" content=\"https:\/\/www.facebook.com\/hotelbdesign\/\" \/>\n<meta property=\"article:modified_time\" content=\"2018-05-11T11:37:27+00:00\" \/>\n<meta property=\"og:image\" content=\"https:\/\/www.hotelbdesign.fr\/wp-content\/uploads\/2018\/04\/Arenes-d-Arles.jpg\" \/>\n\t<meta property=\"og:image:width\" content=\"1920\" \/>\n\t<meta property=\"og:image:height\" content=\"1440\" \/>\n\t<meta property=\"og:image:type\" content=\"image\/jpeg\" \/>\n<meta name=\"twitter:card\" content=\"summary_large_image\" \/>\n<meta name=\"twitter:site\" content=\"@hotelbdesign\" \/>\n<meta name=\"twitter:label1\" content=\"Est. reading time\" \/>\n\t<meta name=\"twitter:data1\" content=\"1 minute\" \/>\n<script type=\"application\/ld+json\" class=\"yoast-schema-graph\">{\"@context\":\"https:\/\/schema.org\",\"@graph\":[{\"@type\":\"WebPage\",\"@id\":\"https:\/\/www.hotelbdesign.fr\/tourisme\/camargue\/arles\/\",\"url\":\"https:\/\/www.hotelbdesign.fr\/tourisme\/camargue\/arles\/\",\"name\":\"H\u00f4tel near Arles - H\u00f4tel b design & spa - 5-star hotel\",\"isPartOf\":{\"@id\":\"https:\/\/www.hotelbdesign.fr\/#website\"},\"primaryImageOfPage\":{\"@id\":\"https:\/\/www.hotelbdesign.fr\/tourisme\/camargue\/arles\/#primaryimage\"},\"image\":{\"@id\":\"https:\/\/www.hotelbdesign.fr\/tourisme\/camargue\/arles\/#primaryimage\"},\"thumbnailUrl\":\"https:\/\/www.hotelbdesign.fr\/wp-content\/uploads\/2018\/04\/Arenes-d-Arles.jpg\",\"datePublished\":\"2018-04-20T16:00:00+00:00\",\"dateModified\":\"2018-05-11T11:37:27+00:00\",\"description\":\"Discover the b design & spa hotel, a modern and contemporary 5 star hotel located at the gates of Arles, in the heart of the Alpilles.\",\"breadcrumb\":{\"@id\":\"https:\/\/www.hotelbdesign.fr\/tourisme\/camargue\/arles\/#breadcrumb\"},\"inLanguage\":\"en-US\",\"potentialAction\":[{\"@type\":\"ReadAction\",\"target\":[\"https:\/\/www.hotelbdesign.fr\/tourisme\/camargue\/arles\/\"]}]},{\"@type\":\"ImageObject\",\"inLanguage\":\"en-US\",\"@id\":\"https:\/\/www.hotelbdesign.fr\/tourisme\/camargue\/arles\/#primaryimage\",\"url\":\"https:\/\/www.hotelbdesign.fr\/wp-content\/uploads\/2018\/04\/Arenes-d-Arles.jpg\",\"contentUrl\":\"https:\/\/www.hotelbdesign.fr\/wp-content\/uploads\/2018\/04\/Arenes-d-Arles.jpg\",\"width\":1920,\"height\":1440},{\"@type\":\"BreadcrumbList\",\"@id\":\"https:\/\/www.hotelbdesign.fr\/tourisme\/camargue\/arles\/#breadcrumb\",\"itemListElement\":[{\"@type\":\"ListItem\",\"position\":1,\"name\":\"Accueil\",\"item\":\"https:\/\/www.hotelbdesign.fr\/\"},{\"@type\":\"ListItem\",\"position\":2,\"name\":\"Arles\"}]},{\"@type\":\"WebSite\",\"@id\":\"https:\/\/www.hotelbdesign.fr\/#website\",\"url\":\"https:\/\/www.hotelbdesign.fr\/\",\"name\":\"H\u00f4tel b design &amp; spa - H\u00f4tel spa 5 \u00e9toiles en Provence\",\"description\":\"\",\"potentialAction\":[{\"@type\":\"SearchAction\",\"target\":{\"@type\":\"EntryPoint\",\"urlTemplate\":\"https:\/\/www.hotelbdesign.fr\/?s={search_term_string}\"},\"query-input\":\"required name=search_term_string\"}],\"inLanguage\":\"en-US\"}]}<\/script>\n<!-- \/ Yoast SEO plugin. -->","yoast_head_json":{"title":"H\u00f4tel near Arles - H\u00f4tel b design & spa - 5-star hotel","description":"Discover the b design & spa hotel, a modern and contemporary 5 star hotel located at the gates of Arles, in the heart of the Alpilles.","robots":{"index":"index","follow":"follow","max-snippet":"max-snippet:-1","max-image-preview":"max-image-preview:large","max-video-preview":"max-video-preview:-1"},"canonical":"https:\/\/www.hotelbdesign.fr\/en\/tourisme\/camargue\/arles\/","og_locale":"en_US","og_type":"article","og_title":"H\u00f4tel near Arles - H\u00f4tel b design & spa - 5-star hotel","og_description":"Discover the b design & spa hotel, a modern and contemporary 5 star hotel located at the gates of Arles, in the heart of the Alpilles.","og_url":"https:\/\/www.hotelbdesign.fr\/tourisme\/camargue\/arles\/","og_site_name":"H\u00f4tel b design &amp; spa - H\u00f4tel spa 5 \u00e9toiles en Provence","article_publisher":"https:\/\/www.facebook.com\/hotelbdesign\/","article_modified_time":"2018-05-11T11:37:27+00:00","og_image":[{"width":1920,"height":1440,"url":"https:\/\/www.hotelbdesign.fr\/wp-content\/uploads\/2018\/04\/Arenes-d-Arles.jpg","type":"image\/jpeg"}],"twitter_card":"summary_large_image","twitter_site":"@hotelbdesign","twitter_misc":{"Est. reading time":"1 minute"},"schema":{"@context":"https:\/\/schema.org","@graph":[{"@type":"WebPage","@id":"https:\/\/www.hotelbdesign.fr\/tourisme\/camargue\/arles\/","url":"https:\/\/www.hotelbdesign.fr\/tourisme\/camargue\/arles\/","name":"H\u00f4tel near Arles - H\u00f4tel b design & spa - 5-star hotel","isPartOf":{"@id":"https:\/\/www.hotelbdesign.fr\/#website"},"primaryImageOfPage":{"@id":"https:\/\/www.hotelbdesign.fr\/tourisme\/camargue\/arles\/#primaryimage"},"image":{"@id":"https:\/\/www.hotelbdesign.fr\/tourisme\/camargue\/arles\/#primaryimage"},"thumbnailUrl":"https:\/\/www.hotelbdesign.fr\/wp-content\/uploads\/2018\/04\/Arenes-d-Arles.jpg","datePublished":"2018-04-20T16:00:00+00:00","dateModified":"2018-05-11T11:37:27+00:00","description":"Discover the b design & spa hotel, a modern and contemporary 5 star hotel located at the gates of Arles, in the heart of the Alpilles.","breadcrumb":{"@id":"https:\/\/www.hotelbdesign.fr\/tourisme\/camargue\/arles\/#breadcrumb"},"inLanguage":"en-US","potentialAction":[{"@type":"ReadAction","target":["https:\/\/www.hotelbdesign.fr\/tourisme\/camargue\/arles\/"]}]},{"@type":"ImageObject","inLanguage":"en-US","@id":"https:\/\/www.hotelbdesign.fr\/tourisme\/camargue\/arles\/#primaryimage","url":"https:\/\/www.hotelbdesign.fr\/wp-content\/uploads\/2018\/04\/Arenes-d-Arles.jpg","contentUrl":"https:\/\/www.hotelbdesign.fr\/wp-content\/uploads\/2018\/04\/Arenes-d-Arles.jpg","width":1920,"height":1440},{"@type":"BreadcrumbList","@id":"https:\/\/www.hotelbdesign.fr\/tourisme\/camargue\/arles\/#breadcrumb","itemListElement":[{"@type":"ListItem","position":1,"name":"Accueil","item":"https:\/\/www.hotelbdesign.fr\/"},{"@type":"ListItem","position":2,"name":"Arles"}]},{"@type":"WebSite","@id":"https:\/\/www.hotelbdesign.fr\/#website","url":"https:\/\/www.hotelbdesign.fr\/","name":"H\u00f4tel b design &amp; spa - H\u00f4tel spa 5 \u00e9toiles en Provence","description":"","potentialAction":[{"@type":"SearchAction","target":{"@type":"EntryPoint","urlTemplate":"https:\/\/www.hotelbdesign.fr\/?s={search_term_string}"},"query-input":"required name=search_term_string"}],"inLanguage":"en-US"}]}},"_links":{"self":[{"href":"https:\/\/www.hotelbdesign.fr\/en\/wp-json\/wp\/v2\/pages\/2633\/"}],"collection":[{"href":"https:\/\/www.hotelbdesign.fr\/en\/wp-json\/wp\/v2\/pages\/"}],"about":[{"href":"https:\/\/www.hotelbdesign.fr\/en\/wp-json\/wp\/v2\/types\/page\/"}],"author":[{"embeddable":true,"href":"https:\/\/www.hotelbdesign.fr\/en\/wp-json\/wp\/v2\/users\/8\/"}],"replies":[{"embeddable":true,"href":"https:\/\/www.hotelbdesign.fr\/en\/wp-json\/wp\/v2\/comments\/?post=2633"}],"version-history":[{"count":2,"href":"https:\/\/www.hotelbdesign.fr\/en\/wp-json\/wp\/v2\/pages\/2633\/revisions\/"}],"predecessor-version":[{"id":2635,"href":"https:\/\/www.hotelbdesign.fr\/en\/wp-json\/wp\/v2\/pages\/2633\/revisions\/2635\/"}],"wp:featuredmedia":[{"embeddable":true,"href":"https:\/\/www.hotelbdesign.fr\/en\/wp-json\/wp\/v2\/media\/2280\/"}],"wp:attachment":[{"href":"https:\/\/www.hotelbdesign.fr\/en\/wp-json\/wp\/v2\/media\/?parent=2633"}],"curies":[{"name":"wp","href":"https:\/\/api.w.org\/{rel}","templated":true}]}}