


{"id":2624,"date":"2018-04-20T17:41:25","date_gmt":"2018-04-20T15:41:25","guid":{"rendered":"https:\/\/www.hotelbdesign.fr\/?page_id=2624"},"modified":"2018-04-20T17:41:25","modified_gmt":"2018-04-20T15:41:25","slug":"avignon","status":"publish","type":"page","link":"https:\/\/www.hotelbdesign.fr\/en\/leisure-activity\/provence\/avignon\/","title":{"rendered":"Avignon"},"content":{"rendered":"<p>Avignon is the entrance door of the Provence-Alpes-C\u00f4te d&#8217;Azur region, also the capital of the Vaucluse department and is located 40 minutes away from our hotel b design &amp; spa. The city of the Popes takes its name from its cultural patrimony.<\/p>\n<p>Once \u00ab\u00a0intra-muros\u00a0\u00bb (inside the walls) you can admire the very well preserved rampart, within which you will find several treasures such as the Palace of the Popes and the Avignon bridge, both classified as a\u00a0World Heritage site\u00a0by Unesco.<\/p>\n<p>Every year, on the beginning of July, Avignon\u2019s festival makes the city European capital of theatre. The city is overwhelm by arts and show fans during the entire length of the festival .<\/p>\n<h3>The \u201cMust See\u201d of Avignon :<\/h3>\n<ul>\n<li>The Pope&#8217;s Palace<\/li>\n<li>Saint\u00a0Benezet bridge\u00a0(Avignon bridge)<\/li>\n<li>The Opera<\/li>\n<li>The City Hall<\/li>\n<li>Saint Louis Cloister<\/li>\n<li>The garden of the Rocher des Doms<\/li>\n<li>The Petit Palais Museum<\/li>\n<li>Calvet Museum<\/li>\n<li>Lapidary Museum<\/li>\n<\/ul>\n","protected":false},"excerpt":{"rendered":"<p>Avignon is the entrance door of the Provence-Alpes-C\u00f4te d&#8217;Azur region, also the capital of the Vaucluse department and is located 40 minutes away from our hotel b design &amp; spa. The city of the Popes takes its name from its cultural patrimony. Once \u00ab\u00a0intra-muros\u00a0\u00bb (inside the walls) you can admire the very well preserved rampart,<\/p>\n","protected":false},"author":8,"featured_media":2283,"parent":2590,"menu_order":0,"comment_status":"closed","ping_status":"closed","template":"page-villes.php","meta":{"_acf_changed":false,"footnotes":""},"class_list":["post-2624","page","type-page","status-publish","has-post-thumbnail","hentry"],"acf":[],"yoast_head":"<!-- This site is optimized with the Yoast SEO plugin v27.6 - https:\/\/yoast.com\/product\/yoast-seo-wordpress\/ -->\n<title>Avignon - H\u00f4tel b design &amp; spa - H\u00f4tel spa 5 \u00e9toiles en Provence<\/title>\n<meta name=\"robots\" content=\"index, follow, max-snippet:-1, max-image-preview:large, max-video-preview:-1\" \/>\n<link rel=\"canonical\" href=\"https:\/\/www.hotelbdesign.fr\/en\/tourisme\/provence\/avignon\/\" \/>\n<meta property=\"og:locale\" content=\"en_US\" \/>\n<meta property=\"og:type\" content=\"article\" \/>\n<meta property=\"og:title\" content=\"Avignon - H\u00f4tel b design &amp; spa - H\u00f4tel spa 5 \u00e9toiles en Provence\" \/>\n<meta property=\"og:description\" content=\"Avignon is the entrance door of the Provence-Alpes-C\u00f4te d&#8217;Azur region, also the capital of the Vaucluse department and is located 40 minutes away from our hotel b design &amp; spa. The city of the Popes takes its name from its cultural patrimony. Once \u00ab\u00a0intra-muros\u00a0\u00bb (inside the walls) you can admire the very well preserved rampart,\" \/>\n<meta property=\"og:url\" content=\"https:\/\/www.hotelbdesign.fr\/tourisme\/provence\/avignon\/\" \/>\n<meta property=\"og:site_name\" content=\"H\u00f4tel b design &amp; spa - H\u00f4tel spa 5 \u00e9toiles en Provence\" \/>\n<meta property=\"article:publisher\" content=\"https:\/\/www.facebook.com\/hotelbdesign\/\" \/>\n<meta property=\"og:image\" content=\"https:\/\/www.hotelbdesign.fr\/wp-content\/uploads\/2018\/04\/le-pont-davignon.jpg\" \/>\n\t<meta property=\"og:image:width\" content=\"1920\" \/>\n\t<meta property=\"og:image:height\" content=\"1439\" \/>\n\t<meta property=\"og:image:type\" content=\"image\/jpeg\" \/>\n<meta name=\"twitter:card\" content=\"summary_large_image\" \/>\n<meta name=\"twitter:site\" content=\"@hotelbdesign\" \/>\n<meta name=\"twitter:label1\" content=\"Est. reading time\" \/>\n\t<meta name=\"twitter:data1\" content=\"1 minute\" \/>\n<script type=\"application\/ld+json\" class=\"yoast-schema-graph\">{\"@context\":\"https:\\\/\\\/schema.org\",\"@graph\":[{\"@type\":\"WebPage\",\"@id\":\"https:\\\/\\\/www.hotelbdesign.fr\\\/tourisme\\\/provence\\\/avignon\\\/\",\"url\":\"https:\\\/\\\/www.hotelbdesign.fr\\\/tourisme\\\/provence\\\/avignon\\\/\",\"name\":\"Avignon - H\u00f4tel b design &amp; spa - H\u00f4tel spa 5 \u00e9toiles en Provence\",\"isPartOf\":{\"@id\":\"https:\\\/\\\/www.hotelbdesign.fr\\\/#website\"},\"primaryImageOfPage\":{\"@id\":\"https:\\\/\\\/www.hotelbdesign.fr\\\/tourisme\\\/provence\\\/avignon\\\/#primaryimage\"},\"image\":{\"@id\":\"https:\\\/\\\/www.hotelbdesign.fr\\\/tourisme\\\/provence\\\/avignon\\\/#primaryimage\"},\"thumbnailUrl\":\"https:\\\/\\\/www.hotelbdesign.fr\\\/wp-content\\\/uploads\\\/2018\\\/04\\\/le-pont-davignon.jpg\",\"datePublished\":\"2018-04-20T15:41:25+00:00\",\"breadcrumb\":{\"@id\":\"https:\\\/\\\/www.hotelbdesign.fr\\\/tourisme\\\/provence\\\/avignon\\\/#breadcrumb\"},\"inLanguage\":\"en-US\",\"potentialAction\":[{\"@type\":\"ReadAction\",\"target\":[\"https:\\\/\\\/www.hotelbdesign.fr\\\/tourisme\\\/provence\\\/avignon\\\/\"]}]},{\"@type\":\"ImageObject\",\"inLanguage\":\"en-US\",\"@id\":\"https:\\\/\\\/www.hotelbdesign.fr\\\/tourisme\\\/provence\\\/avignon\\\/#primaryimage\",\"url\":\"https:\\\/\\\/www.hotelbdesign.fr\\\/wp-content\\\/uploads\\\/2018\\\/04\\\/le-pont-davignon.jpg\",\"contentUrl\":\"https:\\\/\\\/www.hotelbdesign.fr\\\/wp-content\\\/uploads\\\/2018\\\/04\\\/le-pont-davignon.jpg\",\"width\":1920,\"height\":1439},{\"@type\":\"BreadcrumbList\",\"@id\":\"https:\\\/\\\/www.hotelbdesign.fr\\\/tourisme\\\/provence\\\/avignon\\\/#breadcrumb\",\"itemListElement\":[{\"@type\":\"ListItem\",\"position\":1,\"name\":\"Accueil\",\"item\":\"https:\\\/\\\/www.hotelbdesign.fr\\\/\"},{\"@type\":\"ListItem\",\"position\":2,\"name\":\"Leisure &#038; Activity\",\"item\":\"https:\\\/\\\/www.hotelbdesign.fr\\\/en\\\/leisure-activity\\\/\"},{\"@type\":\"ListItem\",\"position\":3,\"name\":\"Provence\",\"item\":\"https:\\\/\\\/www.hotelbdesign.fr\\\/tourisme\\\/provence\\\/\"},{\"@type\":\"ListItem\",\"position\":4,\"name\":\"Avignon\"}]},{\"@type\":\"WebSite\",\"@id\":\"https:\\\/\\\/www.hotelbdesign.fr\\\/#website\",\"url\":\"https:\\\/\\\/www.hotelbdesign.fr\\\/\",\"name\":\"H\u00f4tel b design &amp; spa - H\u00f4tel spa 5 \u00e9toiles en Provence\",\"description\":\"\",\"potentialAction\":[{\"@type\":\"SearchAction\",\"target\":{\"@type\":\"EntryPoint\",\"urlTemplate\":\"https:\\\/\\\/www.hotelbdesign.fr\\\/?s={search_term_string}\"},\"query-input\":{\"@type\":\"PropertyValueSpecification\",\"valueRequired\":true,\"valueName\":\"search_term_string\"}}],\"inLanguage\":\"en-US\"}]}<\/script>\n<!-- \/ Yoast SEO plugin. -->","yoast_head_json":{"title":"Avignon - H\u00f4tel b design &amp; spa - H\u00f4tel spa 5 \u00e9toiles en Provence","robots":{"index":"index","follow":"follow","max-snippet":"max-snippet:-1","max-image-preview":"max-image-preview:large","max-video-preview":"max-video-preview:-1"},"canonical":"https:\/\/www.hotelbdesign.fr\/en\/tourisme\/provence\/avignon\/","og_locale":"en_US","og_type":"article","og_title":"Avignon - H\u00f4tel b design &amp; spa - H\u00f4tel spa 5 \u00e9toiles en Provence","og_description":"Avignon is the entrance door of the Provence-Alpes-C\u00f4te d&#8217;Azur region, also the capital of the Vaucluse department and is located 40 minutes away from our hotel b design &amp; spa. The city of the Popes takes its name from its cultural patrimony. Once \u00ab\u00a0intra-muros\u00a0\u00bb (inside the walls) you can admire the very well preserved rampart,","og_url":"https:\/\/www.hotelbdesign.fr\/tourisme\/provence\/avignon\/","og_site_name":"H\u00f4tel b design &amp; spa - H\u00f4tel spa 5 \u00e9toiles en Provence","article_publisher":"https:\/\/www.facebook.com\/hotelbdesign\/","og_image":[{"width":1920,"height":1439,"url":"https:\/\/www.hotelbdesign.fr\/wp-content\/uploads\/2018\/04\/le-pont-davignon.jpg","type":"image\/jpeg"}],"twitter_card":"summary_large_image","twitter_site":"@hotelbdesign","twitter_misc":{"Est. reading time":"1 minute"},"schema":{"@context":"https:\/\/schema.org","@graph":[{"@type":"WebPage","@id":"https:\/\/www.hotelbdesign.fr\/tourisme\/provence\/avignon\/","url":"https:\/\/www.hotelbdesign.fr\/tourisme\/provence\/avignon\/","name":"Avignon - H\u00f4tel b design &amp; spa - H\u00f4tel spa 5 \u00e9toiles en Provence","isPartOf":{"@id":"https:\/\/www.hotelbdesign.fr\/#website"},"primaryImageOfPage":{"@id":"https:\/\/www.hotelbdesign.fr\/tourisme\/provence\/avignon\/#primaryimage"},"image":{"@id":"https:\/\/www.hotelbdesign.fr\/tourisme\/provence\/avignon\/#primaryimage"},"thumbnailUrl":"https:\/\/www.hotelbdesign.fr\/wp-content\/uploads\/2018\/04\/le-pont-davignon.jpg","datePublished":"2018-04-20T15:41:25+00:00","breadcrumb":{"@id":"https:\/\/www.hotelbdesign.fr\/tourisme\/provence\/avignon\/#breadcrumb"},"inLanguage":"en-US","potentialAction":[{"@type":"ReadAction","target":["https:\/\/www.hotelbdesign.fr\/tourisme\/provence\/avignon\/"]}]},{"@type":"ImageObject","inLanguage":"en-US","@id":"https:\/\/www.hotelbdesign.fr\/tourisme\/provence\/avignon\/#primaryimage","url":"https:\/\/www.hotelbdesign.fr\/wp-content\/uploads\/2018\/04\/le-pont-davignon.jpg","contentUrl":"https:\/\/www.hotelbdesign.fr\/wp-content\/uploads\/2018\/04\/le-pont-davignon.jpg","width":1920,"height":1439},{"@type":"BreadcrumbList","@id":"https:\/\/www.hotelbdesign.fr\/tourisme\/provence\/avignon\/#breadcrumb","itemListElement":[{"@type":"ListItem","position":1,"name":"Accueil","item":"https:\/\/www.hotelbdesign.fr\/"},{"@type":"ListItem","position":2,"name":"Leisure &#038; Activity","item":"https:\/\/www.hotelbdesign.fr\/en\/leisure-activity\/"},{"@type":"ListItem","position":3,"name":"Provence","item":"https:\/\/www.hotelbdesign.fr\/tourisme\/provence\/"},{"@type":"ListItem","position":4,"name":"Avignon"}]},{"@type":"WebSite","@id":"https:\/\/www.hotelbdesign.fr\/#website","url":"https:\/\/www.hotelbdesign.fr\/","name":"H\u00f4tel b design &amp; spa - H\u00f4tel spa 5 \u00e9toiles en Provence","description":"","potentialAction":[{"@type":"SearchAction","target":{"@type":"EntryPoint","urlTemplate":"https:\/\/www.hotelbdesign.fr\/?s={search_term_string}"},"query-input":{"@type":"PropertyValueSpecification","valueRequired":true,"valueName":"search_term_string"}}],"inLanguage":"en-US"}]}},"_links":{"self":[{"href":"https:\/\/www.hotelbdesign.fr\/en\/wp-json\/wp\/v2\/pages\/2624\/"}],"collection":[{"href":"https:\/\/www.hotelbdesign.fr\/en\/wp-json\/wp\/v2\/pages\/"}],"about":[{"href":"https:\/\/www.hotelbdesign.fr\/en\/wp-json\/wp\/v2\/types\/page\/"}],"author":[{"embeddable":true,"href":"https:\/\/www.hotelbdesign.fr\/en\/wp-json\/wp\/v2\/users\/8\/"}],"replies":[{"embeddable":true,"href":"https:\/\/www.hotelbdesign.fr\/en\/wp-json\/wp\/v2\/comments\/?post=2624"}],"version-history":[{"count":4,"href":"https:\/\/www.hotelbdesign.fr\/en\/wp-json\/wp\/v2\/pages\/2624\/revisions\/"}],"predecessor-version":[{"id":2628,"href":"https:\/\/www.hotelbdesign.fr\/en\/wp-json\/wp\/v2\/pages\/2624\/revisions\/2628\/"}],"up":[{"embeddable":true,"href":"https:\/\/www.hotelbdesign.fr\/en\/wp-json\/wp\/v2\/pages\/2590\/"}],"wp:featuredmedia":[{"embeddable":true,"href":"https:\/\/www.hotelbdesign.fr\/en\/wp-json\/wp\/v2\/media\/2283\/"}],"wp:attachment":[{"href":"https:\/\/www.hotelbdesign.fr\/en\/wp-json\/wp\/v2\/media\/?parent=2624"}],"curies":[{"name":"wp","href":"https:\/\/api.w.org\/{rel}","templated":true}]}}