


{"id":2608,"date":"2018-04-20T17:28:07","date_gmt":"2018-04-20T15:28:07","guid":{"rendered":"https:\/\/www.hotelbdesign.fr\/?page_id=2608"},"modified":"2018-04-23T10:43:05","modified_gmt":"2018-04-23T08:43:05","slug":"marseille","status":"publish","type":"page","link":"https:\/\/www.hotelbdesign.fr\/en\/leisure-activity\/provence\/marseille\/","title":{"rendered":"Marseille"},"content":{"rendered":"<p>The biggest city in the surroundings and an inevitable trip during your stay in Provence just an hour away from our h\u00f4tel b design &amp; spa. In fact, Marseille and its old port are an important stopover if you feel like mixing the air of the city with a nice sea breeze!<\/p>\n<p>This city perfectly combines Provencal picturesque places with surprising views, a romantic labyrinth of narrow streets where you will be happy to get lost, waterfront terraces and local fish food, but also all the benefits of a bigger city with trendy bars, fashion boutiques and lot of public transports to easily get to the seafront and to the Calanques.<\/p>\n<h3>The \u201cMust See\u201d of Marseille :<\/h3>\n<ul>\n<li>The Old Port<\/li>\n<li>The MUCEM (Museum of European\u00a0and Mediterranean Civilisations)<\/li>\n<li>Notre Dame de la Garde Basilica<\/li>\n<li>The Calanques<\/li>\n<li>Frioul Island and If Castle<\/li>\n<li>The old town with the Panier quarter<\/li>\n<li>The Vallon des Auffes<\/li>\n<li>The Pointe Rouge<\/li>\n<\/ul>\n","protected":false},"excerpt":{"rendered":"<p>The biggest city in the surroundings and an inevitable trip during your stay in Provence just an hour away from our h\u00f4tel b design &amp; spa. In fact, Marseille and its old port are an important stopover if you feel like mixing the air of the city with a nice sea breeze! This city perfectly<\/p>\n","protected":false},"author":8,"featured_media":2304,"parent":2590,"menu_order":0,"comment_status":"closed","ping_status":"closed","template":"page-villes.php","meta":{"_acf_changed":false,"footnotes":""},"acf":[],"yoast_head":"<!-- This site is optimized with the Yoast SEO plugin v22.2 - https:\/\/yoast.com\/wordpress\/plugins\/seo\/ -->\n<title>H\u00f4tel near Marseille - H\u00f4tel b design &amp; spa - 5-star hotel<\/title>\n<meta name=\"description\" content=\"Discover the b design &amp; spa hotel, a modern and contemporary 5 star hotel located at the gates of Marseille, in the heart of the Alpilles.\" \/>\n<meta name=\"robots\" content=\"index, follow, max-snippet:-1, max-image-preview:large, max-video-preview:-1\" \/>\n<link rel=\"canonical\" href=\"https:\/\/www.hotelbdesign.fr\/en\/tourisme\/provence\/marseille\/\" \/>\n<meta property=\"og:locale\" content=\"en_US\" \/>\n<meta property=\"og:type\" content=\"article\" \/>\n<meta property=\"og:title\" content=\"H\u00f4tel near Marseille - H\u00f4tel b design &amp; spa - 5-star hotel\" \/>\n<meta property=\"og:description\" content=\"Discover the b design &amp; spa hotel, a modern and contemporary 5 star hotel located at the gates of Marseille, in the heart of the Alpilles.\" \/>\n<meta property=\"og:url\" content=\"https:\/\/www.hotelbdesign.fr\/tourisme\/provence\/marseille\/\" \/>\n<meta property=\"og:site_name\" content=\"H\u00f4tel b design &amp; spa - H\u00f4tel spa 5 \u00e9toiles en Provence\" \/>\n<meta property=\"article:publisher\" content=\"https:\/\/www.facebook.com\/hotelbdesign\/\" \/>\n<meta property=\"article:modified_time\" content=\"2018-04-23T08:43:05+00:00\" \/>\n<meta property=\"og:image\" content=\"https:\/\/www.hotelbdesign.fr\/wp-content\/uploads\/2018\/04\/marseille-.jpg\" \/>\n\t<meta property=\"og:image:width\" content=\"1920\" \/>\n\t<meta property=\"og:image:height\" content=\"1271\" \/>\n\t<meta property=\"og:image:type\" content=\"image\/jpeg\" \/>\n<meta name=\"twitter:card\" content=\"summary_large_image\" \/>\n<meta name=\"twitter:site\" content=\"@hotelbdesign\" \/>\n<meta name=\"twitter:label1\" content=\"Est. reading time\" \/>\n\t<meta name=\"twitter:data1\" content=\"1 minute\" \/>\n<script type=\"application\/ld+json\" class=\"yoast-schema-graph\">{\"@context\":\"https:\/\/schema.org\",\"@graph\":[{\"@type\":\"WebPage\",\"@id\":\"https:\/\/www.hotelbdesign.fr\/tourisme\/provence\/marseille\/\",\"url\":\"https:\/\/www.hotelbdesign.fr\/tourisme\/provence\/marseille\/\",\"name\":\"H\u00f4tel near Marseille - H\u00f4tel b design & spa - 5-star hotel\",\"isPartOf\":{\"@id\":\"https:\/\/www.hotelbdesign.fr\/#website\"},\"primaryImageOfPage\":{\"@id\":\"https:\/\/www.hotelbdesign.fr\/tourisme\/provence\/marseille\/#primaryimage\"},\"image\":{\"@id\":\"https:\/\/www.hotelbdesign.fr\/tourisme\/provence\/marseille\/#primaryimage\"},\"thumbnailUrl\":\"https:\/\/www.hotelbdesign.fr\/wp-content\/uploads\/2018\/04\/marseille-.jpg\",\"datePublished\":\"2018-04-20T15:28:07+00:00\",\"dateModified\":\"2018-04-23T08:43:05+00:00\",\"description\":\"Discover the b design & spa hotel, a modern and contemporary 5 star hotel located at the gates of Marseille, in the heart of the Alpilles.\",\"breadcrumb\":{\"@id\":\"https:\/\/www.hotelbdesign.fr\/tourisme\/provence\/marseille\/#breadcrumb\"},\"inLanguage\":\"en-US\",\"potentialAction\":[{\"@type\":\"ReadAction\",\"target\":[\"https:\/\/www.hotelbdesign.fr\/tourisme\/provence\/marseille\/\"]}]},{\"@type\":\"ImageObject\",\"inLanguage\":\"en-US\",\"@id\":\"https:\/\/www.hotelbdesign.fr\/tourisme\/provence\/marseille\/#primaryimage\",\"url\":\"https:\/\/www.hotelbdesign.fr\/wp-content\/uploads\/2018\/04\/marseille-.jpg\",\"contentUrl\":\"https:\/\/www.hotelbdesign.fr\/wp-content\/uploads\/2018\/04\/marseille-.jpg\",\"width\":1920,\"height\":1271},{\"@type\":\"BreadcrumbList\",\"@id\":\"https:\/\/www.hotelbdesign.fr\/tourisme\/provence\/marseille\/#breadcrumb\",\"itemListElement\":[{\"@type\":\"ListItem\",\"position\":1,\"name\":\"Accueil\",\"item\":\"https:\/\/www.hotelbdesign.fr\/\"},{\"@type\":\"ListItem\",\"position\":2,\"name\":\"Leisure &#038; Activity\",\"item\":\"https:\/\/www.hotelbdesign.fr\/en\/leisure-activity\/\"},{\"@type\":\"ListItem\",\"position\":3,\"name\":\"Provence\",\"item\":\"https:\/\/www.hotelbdesign.fr\/tourisme\/provence\/\"},{\"@type\":\"ListItem\",\"position\":4,\"name\":\"Marseille\"}]},{\"@type\":\"WebSite\",\"@id\":\"https:\/\/www.hotelbdesign.fr\/#website\",\"url\":\"https:\/\/www.hotelbdesign.fr\/\",\"name\":\"H\u00f4tel b design &amp; spa - H\u00f4tel spa 5 \u00e9toiles en Provence\",\"description\":\"\",\"potentialAction\":[{\"@type\":\"SearchAction\",\"target\":{\"@type\":\"EntryPoint\",\"urlTemplate\":\"https:\/\/www.hotelbdesign.fr\/?s={search_term_string}\"},\"query-input\":\"required name=search_term_string\"}],\"inLanguage\":\"en-US\"}]}<\/script>\n<!-- \/ Yoast SEO plugin. -->","yoast_head_json":{"title":"H\u00f4tel near Marseille - H\u00f4tel b design & spa - 5-star hotel","description":"Discover the b design & spa hotel, a modern and contemporary 5 star hotel located at the gates of Marseille, in the heart of the Alpilles.","robots":{"index":"index","follow":"follow","max-snippet":"max-snippet:-1","max-image-preview":"max-image-preview:large","max-video-preview":"max-video-preview:-1"},"canonical":"https:\/\/www.hotelbdesign.fr\/en\/tourisme\/provence\/marseille\/","og_locale":"en_US","og_type":"article","og_title":"H\u00f4tel near Marseille - H\u00f4tel b design & spa - 5-star hotel","og_description":"Discover the b design & spa hotel, a modern and contemporary 5 star hotel located at the gates of Marseille, in the heart of the Alpilles.","og_url":"https:\/\/www.hotelbdesign.fr\/tourisme\/provence\/marseille\/","og_site_name":"H\u00f4tel b design &amp; spa - H\u00f4tel spa 5 \u00e9toiles en Provence","article_publisher":"https:\/\/www.facebook.com\/hotelbdesign\/","article_modified_time":"2018-04-23T08:43:05+00:00","og_image":[{"width":1920,"height":1271,"url":"https:\/\/www.hotelbdesign.fr\/wp-content\/uploads\/2018\/04\/marseille-.jpg","type":"image\/jpeg"}],"twitter_card":"summary_large_image","twitter_site":"@hotelbdesign","twitter_misc":{"Est. reading time":"1 minute"},"schema":{"@context":"https:\/\/schema.org","@graph":[{"@type":"WebPage","@id":"https:\/\/www.hotelbdesign.fr\/tourisme\/provence\/marseille\/","url":"https:\/\/www.hotelbdesign.fr\/tourisme\/provence\/marseille\/","name":"H\u00f4tel near Marseille - H\u00f4tel b design & spa - 5-star hotel","isPartOf":{"@id":"https:\/\/www.hotelbdesign.fr\/#website"},"primaryImageOfPage":{"@id":"https:\/\/www.hotelbdesign.fr\/tourisme\/provence\/marseille\/#primaryimage"},"image":{"@id":"https:\/\/www.hotelbdesign.fr\/tourisme\/provence\/marseille\/#primaryimage"},"thumbnailUrl":"https:\/\/www.hotelbdesign.fr\/wp-content\/uploads\/2018\/04\/marseille-.jpg","datePublished":"2018-04-20T15:28:07+00:00","dateModified":"2018-04-23T08:43:05+00:00","description":"Discover the b design & spa hotel, a modern and contemporary 5 star hotel located at the gates of Marseille, in the heart of the Alpilles.","breadcrumb":{"@id":"https:\/\/www.hotelbdesign.fr\/tourisme\/provence\/marseille\/#breadcrumb"},"inLanguage":"en-US","potentialAction":[{"@type":"ReadAction","target":["https:\/\/www.hotelbdesign.fr\/tourisme\/provence\/marseille\/"]}]},{"@type":"ImageObject","inLanguage":"en-US","@id":"https:\/\/www.hotelbdesign.fr\/tourisme\/provence\/marseille\/#primaryimage","url":"https:\/\/www.hotelbdesign.fr\/wp-content\/uploads\/2018\/04\/marseille-.jpg","contentUrl":"https:\/\/www.hotelbdesign.fr\/wp-content\/uploads\/2018\/04\/marseille-.jpg","width":1920,"height":1271},{"@type":"BreadcrumbList","@id":"https:\/\/www.hotelbdesign.fr\/tourisme\/provence\/marseille\/#breadcrumb","itemListElement":[{"@type":"ListItem","position":1,"name":"Accueil","item":"https:\/\/www.hotelbdesign.fr\/"},{"@type":"ListItem","position":2,"name":"Leisure &#038; Activity","item":"https:\/\/www.hotelbdesign.fr\/en\/leisure-activity\/"},{"@type":"ListItem","position":3,"name":"Provence","item":"https:\/\/www.hotelbdesign.fr\/tourisme\/provence\/"},{"@type":"ListItem","position":4,"name":"Marseille"}]},{"@type":"WebSite","@id":"https:\/\/www.hotelbdesign.fr\/#website","url":"https:\/\/www.hotelbdesign.fr\/","name":"H\u00f4tel b design &amp; spa - H\u00f4tel spa 5 \u00e9toiles en Provence","description":"","potentialAction":[{"@type":"SearchAction","target":{"@type":"EntryPoint","urlTemplate":"https:\/\/www.hotelbdesign.fr\/?s={search_term_string}"},"query-input":"required name=search_term_string"}],"inLanguage":"en-US"}]}},"_links":{"self":[{"href":"https:\/\/www.hotelbdesign.fr\/en\/wp-json\/wp\/v2\/pages\/2608\/"}],"collection":[{"href":"https:\/\/www.hotelbdesign.fr\/en\/wp-json\/wp\/v2\/pages\/"}],"about":[{"href":"https:\/\/www.hotelbdesign.fr\/en\/wp-json\/wp\/v2\/types\/page\/"}],"author":[{"embeddable":true,"href":"https:\/\/www.hotelbdesign.fr\/en\/wp-json\/wp\/v2\/users\/8\/"}],"replies":[{"embeddable":true,"href":"https:\/\/www.hotelbdesign.fr\/en\/wp-json\/wp\/v2\/comments\/?post=2608"}],"version-history":[{"count":11,"href":"https:\/\/www.hotelbdesign.fr\/en\/wp-json\/wp\/v2\/pages\/2608\/revisions\/"}],"predecessor-version":[{"id":2648,"href":"https:\/\/www.hotelbdesign.fr\/en\/wp-json\/wp\/v2\/pages\/2608\/revisions\/2648\/"}],"up":[{"embeddable":true,"href":"https:\/\/www.hotelbdesign.fr\/en\/wp-json\/wp\/v2\/pages\/2590\/"}],"wp:featuredmedia":[{"embeddable":true,"href":"https:\/\/www.hotelbdesign.fr\/en\/wp-json\/wp\/v2\/media\/2304\/"}],"wp:attachment":[{"href":"https:\/\/www.hotelbdesign.fr\/en\/wp-json\/wp\/v2\/media\/?parent=2608"}],"curies":[{"name":"wp","href":"https:\/\/api.w.org\/{rel}","templated":true}]}}