


{"id":2593,"date":"2018-04-20T15:13:07","date_gmt":"2018-04-20T13:13:07","guid":{"rendered":"https:\/\/www.hotelbdesign.fr\/?page_id=2593"},"modified":"2018-04-23T10:20:33","modified_gmt":"2018-04-23T08:20:33","slug":"saint-remy-de-provence","status":"publish","type":"page","link":"https:\/\/www.hotelbdesign.fr\/en\/leisure-activity\/provence\/saint-remy-de-provence\/","title":{"rendered":"Saint-R\u00e9my-de-Provence"},"content":{"rendered":"<p><strong>Saint-Remy-de-Provence<\/strong> has become the heart of Provence. The capital town of the Alpilles is located 10 minutes driving from our hotel b design &amp; spa just in between Arles and Avignon.<\/p>\n<p>There, it feels good to wander in the town center or to have a trip during market day, on Wednesday morning for the Provencal market and on Saturday morning for the local fruits and vegetables market.<\/p>\n<p>All the streets in Saint Remy de Provence are pedestrians and are full of unique and atypical boutiques.<\/p>\n<h3>The \u201cMust See\u201d of Saint Remy de Provence :<\/h3>\n<ul>\n<li>The archaeological site of Glanum.<\/li>\n<li>The antiques: the\u00a0Arch\u00a0of Triumph and the Julius Mausoleum stand for the entrance of the city.<\/li>\n<li>The cloister Saint Paul de Mausole, a work of Provencal roman art, now &#8220;Van Gogh\u2019s Tourism and cultural center\u201d as it has been Vincent van Gogh sanitorium for more than a year.<\/li>\n<li>The Alpilles\u2019 museum within the Renaissance hotel Mistral de Mondragon.<\/li>\n<li>The Estrine Museum of contemporary art, dedicated to the painter Albert Gleize that also host the \u201cVan Gogh interpretation center\u201d.<\/li>\n<li>The Van Gogh tour is a real-time travel on the footsteps of the nineteenth century greatest painters.<\/li>\n<\/ul>\n","protected":false},"excerpt":{"rendered":"<p>Saint-Remy-de-Provence has become the heart of Provence. The capital town of the Alpilles is located 10 minutes driving from our hotel b design &amp; spa just in between Arles and Avignon. There, it feels good to wander in the town center or to have a trip during market day, on Wednesday morning for the Provencal<\/p>\n","protected":false},"author":8,"featured_media":2301,"parent":2590,"menu_order":0,"comment_status":"closed","ping_status":"closed","template":"page-villes.php","meta":{"_acf_changed":false,"footnotes":""},"acf":[],"yoast_head":"<!-- This site is optimized with the Yoast SEO plugin v22.2 - https:\/\/yoast.com\/wordpress\/plugins\/seo\/ -->\n<title>H\u00f4tel near Saint-R\u00e9my de Provence - H\u00f4tel b design &amp; spa - 5-star hotel<\/title>\n<meta name=\"description\" content=\"Discover the b design &amp; spa hotel, a modern and contemporary 5 star hotel located at the gates of Saint-Remy de Provence, in the heart of the Alpilles.\" \/>\n<meta name=\"robots\" content=\"index, follow, max-snippet:-1, max-image-preview:large, max-video-preview:-1\" \/>\n<link rel=\"canonical\" href=\"https:\/\/www.hotelbdesign.fr\/en\/tourisme\/provence\/saint-remy-de-provence\/\" \/>\n<meta property=\"og:locale\" content=\"en_US\" \/>\n<meta property=\"og:type\" content=\"article\" \/>\n<meta property=\"og:title\" content=\"H\u00f4tel near Saint-R\u00e9my de Provence - H\u00f4tel b design &amp; spa - 5-star hotel\" \/>\n<meta property=\"og:description\" content=\"Discover the b design &amp; spa hotel, a modern and contemporary 5 star hotel located at the gates of Saint-Remy de Provence, in the heart of the Alpilles.\" \/>\n<meta property=\"og:url\" content=\"https:\/\/www.hotelbdesign.fr\/tourisme\/provence\/saint-remy-de-provence\/\" \/>\n<meta property=\"og:site_name\" content=\"H\u00f4tel b design &amp; spa - H\u00f4tel spa 5 \u00e9toiles en Provence\" \/>\n<meta property=\"article:publisher\" content=\"https:\/\/www.facebook.com\/hotelbdesign\/\" \/>\n<meta property=\"article:modified_time\" content=\"2018-04-23T08:20:33+00:00\" \/>\n<meta property=\"og:image\" content=\"https:\/\/www.hotelbdesign.fr\/wp-content\/uploads\/2018\/04\/saint-remy-de-provence.jpg\" \/>\n\t<meta property=\"og:image:width\" content=\"1920\" \/>\n\t<meta property=\"og:image:height\" content=\"1280\" \/>\n\t<meta property=\"og:image:type\" content=\"image\/jpeg\" \/>\n<meta name=\"twitter:card\" content=\"summary_large_image\" \/>\n<meta name=\"twitter:site\" content=\"@hotelbdesign\" \/>\n<meta name=\"twitter:label1\" content=\"Est. reading time\" \/>\n\t<meta name=\"twitter:data1\" content=\"1 minute\" \/>\n<script type=\"application\/ld+json\" class=\"yoast-schema-graph\">{\"@context\":\"https:\/\/schema.org\",\"@graph\":[{\"@type\":\"WebPage\",\"@id\":\"https:\/\/www.hotelbdesign.fr\/tourisme\/provence\/saint-remy-de-provence\/\",\"url\":\"https:\/\/www.hotelbdesign.fr\/tourisme\/provence\/saint-remy-de-provence\/\",\"name\":\"H\u00f4tel near Saint-R\u00e9my de Provence - H\u00f4tel b design & spa - 5-star hotel\",\"isPartOf\":{\"@id\":\"https:\/\/www.hotelbdesign.fr\/#website\"},\"primaryImageOfPage\":{\"@id\":\"https:\/\/www.hotelbdesign.fr\/tourisme\/provence\/saint-remy-de-provence\/#primaryimage\"},\"image\":{\"@id\":\"https:\/\/www.hotelbdesign.fr\/tourisme\/provence\/saint-remy-de-provence\/#primaryimage\"},\"thumbnailUrl\":\"https:\/\/www.hotelbdesign.fr\/wp-content\/uploads\/2018\/04\/saint-remy-de-provence.jpg\",\"datePublished\":\"2018-04-20T13:13:07+00:00\",\"dateModified\":\"2018-04-23T08:20:33+00:00\",\"description\":\"Discover the b design & spa hotel, a modern and contemporary 5 star hotel located at the gates of Saint-Remy de Provence, in the heart of the Alpilles.\",\"breadcrumb\":{\"@id\":\"https:\/\/www.hotelbdesign.fr\/tourisme\/provence\/saint-remy-de-provence\/#breadcrumb\"},\"inLanguage\":\"en-US\",\"potentialAction\":[{\"@type\":\"ReadAction\",\"target\":[\"https:\/\/www.hotelbdesign.fr\/tourisme\/provence\/saint-remy-de-provence\/\"]}]},{\"@type\":\"ImageObject\",\"inLanguage\":\"en-US\",\"@id\":\"https:\/\/www.hotelbdesign.fr\/tourisme\/provence\/saint-remy-de-provence\/#primaryimage\",\"url\":\"https:\/\/www.hotelbdesign.fr\/wp-content\/uploads\/2018\/04\/saint-remy-de-provence.jpg\",\"contentUrl\":\"https:\/\/www.hotelbdesign.fr\/wp-content\/uploads\/2018\/04\/saint-remy-de-provence.jpg\",\"width\":1920,\"height\":1280},{\"@type\":\"BreadcrumbList\",\"@id\":\"https:\/\/www.hotelbdesign.fr\/tourisme\/provence\/saint-remy-de-provence\/#breadcrumb\",\"itemListElement\":[{\"@type\":\"ListItem\",\"position\":1,\"name\":\"Accueil\",\"item\":\"https:\/\/www.hotelbdesign.fr\/\"},{\"@type\":\"ListItem\",\"position\":2,\"name\":\"Leisure &#038; Activity\",\"item\":\"https:\/\/www.hotelbdesign.fr\/en\/leisure-activity\/\"},{\"@type\":\"ListItem\",\"position\":3,\"name\":\"Provence\",\"item\":\"https:\/\/www.hotelbdesign.fr\/tourisme\/provence\/\"},{\"@type\":\"ListItem\",\"position\":4,\"name\":\"Saint-R\u00e9my-de-Provence\"}]},{\"@type\":\"WebSite\",\"@id\":\"https:\/\/www.hotelbdesign.fr\/#website\",\"url\":\"https:\/\/www.hotelbdesign.fr\/\",\"name\":\"H\u00f4tel b design &amp; spa - H\u00f4tel spa 5 \u00e9toiles en Provence\",\"description\":\"\",\"potentialAction\":[{\"@type\":\"SearchAction\",\"target\":{\"@type\":\"EntryPoint\",\"urlTemplate\":\"https:\/\/www.hotelbdesign.fr\/?s={search_term_string}\"},\"query-input\":\"required name=search_term_string\"}],\"inLanguage\":\"en-US\"}]}<\/script>\n<!-- \/ Yoast SEO plugin. -->","yoast_head_json":{"title":"H\u00f4tel near Saint-R\u00e9my de Provence - H\u00f4tel b design & spa - 5-star hotel","description":"Discover the b design & spa hotel, a modern and contemporary 5 star hotel located at the gates of Saint-Remy de Provence, in the heart of the Alpilles.","robots":{"index":"index","follow":"follow","max-snippet":"max-snippet:-1","max-image-preview":"max-image-preview:large","max-video-preview":"max-video-preview:-1"},"canonical":"https:\/\/www.hotelbdesign.fr\/en\/tourisme\/provence\/saint-remy-de-provence\/","og_locale":"en_US","og_type":"article","og_title":"H\u00f4tel near Saint-R\u00e9my de Provence - H\u00f4tel b design & spa - 5-star hotel","og_description":"Discover the b design & spa hotel, a modern and contemporary 5 star hotel located at the gates of Saint-Remy de Provence, in the heart of the Alpilles.","og_url":"https:\/\/www.hotelbdesign.fr\/tourisme\/provence\/saint-remy-de-provence\/","og_site_name":"H\u00f4tel b design &amp; spa - H\u00f4tel spa 5 \u00e9toiles en Provence","article_publisher":"https:\/\/www.facebook.com\/hotelbdesign\/","article_modified_time":"2018-04-23T08:20:33+00:00","og_image":[{"width":1920,"height":1280,"url":"https:\/\/www.hotelbdesign.fr\/wp-content\/uploads\/2018\/04\/saint-remy-de-provence.jpg","type":"image\/jpeg"}],"twitter_card":"summary_large_image","twitter_site":"@hotelbdesign","twitter_misc":{"Est. reading time":"1 minute"},"schema":{"@context":"https:\/\/schema.org","@graph":[{"@type":"WebPage","@id":"https:\/\/www.hotelbdesign.fr\/tourisme\/provence\/saint-remy-de-provence\/","url":"https:\/\/www.hotelbdesign.fr\/tourisme\/provence\/saint-remy-de-provence\/","name":"H\u00f4tel near Saint-R\u00e9my de Provence - H\u00f4tel b design & spa - 5-star hotel","isPartOf":{"@id":"https:\/\/www.hotelbdesign.fr\/#website"},"primaryImageOfPage":{"@id":"https:\/\/www.hotelbdesign.fr\/tourisme\/provence\/saint-remy-de-provence\/#primaryimage"},"image":{"@id":"https:\/\/www.hotelbdesign.fr\/tourisme\/provence\/saint-remy-de-provence\/#primaryimage"},"thumbnailUrl":"https:\/\/www.hotelbdesign.fr\/wp-content\/uploads\/2018\/04\/saint-remy-de-provence.jpg","datePublished":"2018-04-20T13:13:07+00:00","dateModified":"2018-04-23T08:20:33+00:00","description":"Discover the b design & spa hotel, a modern and contemporary 5 star hotel located at the gates of Saint-Remy de Provence, in the heart of the Alpilles.","breadcrumb":{"@id":"https:\/\/www.hotelbdesign.fr\/tourisme\/provence\/saint-remy-de-provence\/#breadcrumb"},"inLanguage":"en-US","potentialAction":[{"@type":"ReadAction","target":["https:\/\/www.hotelbdesign.fr\/tourisme\/provence\/saint-remy-de-provence\/"]}]},{"@type":"ImageObject","inLanguage":"en-US","@id":"https:\/\/www.hotelbdesign.fr\/tourisme\/provence\/saint-remy-de-provence\/#primaryimage","url":"https:\/\/www.hotelbdesign.fr\/wp-content\/uploads\/2018\/04\/saint-remy-de-provence.jpg","contentUrl":"https:\/\/www.hotelbdesign.fr\/wp-content\/uploads\/2018\/04\/saint-remy-de-provence.jpg","width":1920,"height":1280},{"@type":"BreadcrumbList","@id":"https:\/\/www.hotelbdesign.fr\/tourisme\/provence\/saint-remy-de-provence\/#breadcrumb","itemListElement":[{"@type":"ListItem","position":1,"name":"Accueil","item":"https:\/\/www.hotelbdesign.fr\/"},{"@type":"ListItem","position":2,"name":"Leisure &#038; Activity","item":"https:\/\/www.hotelbdesign.fr\/en\/leisure-activity\/"},{"@type":"ListItem","position":3,"name":"Provence","item":"https:\/\/www.hotelbdesign.fr\/tourisme\/provence\/"},{"@type":"ListItem","position":4,"name":"Saint-R\u00e9my-de-Provence"}]},{"@type":"WebSite","@id":"https:\/\/www.hotelbdesign.fr\/#website","url":"https:\/\/www.hotelbdesign.fr\/","name":"H\u00f4tel b design &amp; spa - H\u00f4tel spa 5 \u00e9toiles en Provence","description":"","potentialAction":[{"@type":"SearchAction","target":{"@type":"EntryPoint","urlTemplate":"https:\/\/www.hotelbdesign.fr\/?s={search_term_string}"},"query-input":"required name=search_term_string"}],"inLanguage":"en-US"}]}},"_links":{"self":[{"href":"https:\/\/www.hotelbdesign.fr\/en\/wp-json\/wp\/v2\/pages\/2593\/"}],"collection":[{"href":"https:\/\/www.hotelbdesign.fr\/en\/wp-json\/wp\/v2\/pages\/"}],"about":[{"href":"https:\/\/www.hotelbdesign.fr\/en\/wp-json\/wp\/v2\/types\/page\/"}],"author":[{"embeddable":true,"href":"https:\/\/www.hotelbdesign.fr\/en\/wp-json\/wp\/v2\/users\/8\/"}],"replies":[{"embeddable":true,"href":"https:\/\/www.hotelbdesign.fr\/en\/wp-json\/wp\/v2\/comments\/?post=2593"}],"version-history":[{"count":4,"href":"https:\/\/www.hotelbdesign.fr\/en\/wp-json\/wp\/v2\/pages\/2593\/revisions\/"}],"predecessor-version":[{"id":2642,"href":"https:\/\/www.hotelbdesign.fr\/en\/wp-json\/wp\/v2\/pages\/2593\/revisions\/2642\/"}],"up":[{"embeddable":true,"href":"https:\/\/www.hotelbdesign.fr\/en\/wp-json\/wp\/v2\/pages\/2590\/"}],"wp:featuredmedia":[{"embeddable":true,"href":"https:\/\/www.hotelbdesign.fr\/en\/wp-json\/wp\/v2\/media\/2301\/"}],"wp:attachment":[{"href":"https:\/\/www.hotelbdesign.fr\/en\/wp-json\/wp\/v2\/media\/?parent=2593"}],"curies":[{"name":"wp","href":"https:\/\/api.w.org\/{rel}","templated":true}]}}