


{"id":1548,"date":"2017-12-20T17:49:57","date_gmt":"2017-12-20T16:49:57","guid":{"rendered":"https:\/\/www.hotelbdesign.fr\/events-alpilles-provence\/seminaires-les-baux-de-provence\/"},"modified":"2024-10-22T00:12:25","modified_gmt":"2024-10-21T22:12:25","slug":"seminars-les-baux-de-provence","status":"publish","type":"page","link":"https:\/\/www.hotelbdesign.fr\/en\/events-alpilles-provence\/seminars-les-baux-de-provence\/","title":{"rendered":"Seminars"},"content":{"rendered":"","protected":false},"excerpt":{"rendered":"","protected":false},"author":8,"featured_media":0,"parent":1544,"menu_order":0,"comment_status":"closed","ping_status":"closed","template":"","meta":{"_acf_changed":false,"footnotes":""},"acf":[],"yoast_head":"<!-- This site is optimized with the Yoast SEO plugin v22.2 - https:\/\/yoast.com\/wordpress\/plugins\/seo\/ -->\n<title>Seminars in Provence b Design hotel &amp; Spa*****<\/title>\n<meta name=\"description\" content=\"b Design hotel &amp; Spa***** a luxurious and modern place for your next meetings and seminars in Provence.\" \/>\n<meta name=\"robots\" content=\"index, follow, max-snippet:-1, max-image-preview:large, max-video-preview:-1\" \/>\n<link rel=\"canonical\" href=\"https:\/\/www.hotelbdesign.fr\/en\/seminaires-provence\/hotel-seminaire-paca\/\" \/>\n<meta property=\"og:locale\" content=\"en_US\" \/>\n<meta property=\"og:type\" content=\"article\" \/>\n<meta property=\"og:title\" content=\"Seminars in Provence b Design hotel &amp; Spa*****\" \/>\n<meta property=\"og:description\" content=\"b Design hotel &amp; Spa***** a luxurious and modern place for your next meetings and seminars in Provence.\" \/>\n<meta property=\"og:url\" content=\"https:\/\/www.hotelbdesign.fr\/seminaires-provence\/hotel-seminaire-paca\/\" \/>\n<meta property=\"og:site_name\" content=\"H\u00f4tel b design &amp; spa - H\u00f4tel spa 5 \u00e9toiles en Provence\" \/>\n<meta property=\"article:publisher\" content=\"https:\/\/www.facebook.com\/hotelbdesign\/\" \/>\n<meta property=\"article:modified_time\" content=\"2024-10-21T22:12:25+00:00\" \/>\n<meta name=\"twitter:card\" content=\"summary_large_image\" \/>\n<meta name=\"twitter:site\" content=\"@hotelbdesign\" \/>\n<script type=\"application\/ld+json\" class=\"yoast-schema-graph\">{\"@context\":\"https:\/\/schema.org\",\"@graph\":[{\"@type\":\"WebPage\",\"@id\":\"https:\/\/www.hotelbdesign.fr\/seminaires-provence\/hotel-seminaire-paca\/\",\"url\":\"https:\/\/www.hotelbdesign.fr\/seminaires-provence\/hotel-seminaire-paca\/\",\"name\":\"Seminars in Provence b Design hotel & Spa*****\",\"isPartOf\":{\"@id\":\"https:\/\/www.hotelbdesign.fr\/#website\"},\"datePublished\":\"2017-12-20T16:49:57+00:00\",\"dateModified\":\"2024-10-21T22:12:25+00:00\",\"description\":\"b Design hotel & Spa***** a luxurious and modern place for your next meetings and seminars in Provence.\",\"breadcrumb\":{\"@id\":\"https:\/\/www.hotelbdesign.fr\/seminaires-provence\/hotel-seminaire-paca\/#breadcrumb\"},\"inLanguage\":\"en-US\",\"potentialAction\":[{\"@type\":\"ReadAction\",\"target\":[\"https:\/\/www.hotelbdesign.fr\/seminaires-provence\/hotel-seminaire-paca\/\"]}]},{\"@type\":\"BreadcrumbList\",\"@id\":\"https:\/\/www.hotelbdesign.fr\/seminaires-provence\/hotel-seminaire-paca\/#breadcrumb\",\"itemListElement\":[{\"@type\":\"ListItem\",\"position\":1,\"name\":\"Accueil\",\"item\":\"https:\/\/www.hotelbdesign.fr\/\"},{\"@type\":\"ListItem\",\"position\":2,\"name\":\"Events\",\"item\":\"https:\/\/www.hotelbdesign.fr\/seminaires-provence\/\"},{\"@type\":\"ListItem\",\"position\":3,\"name\":\"Seminars\"}]},{\"@type\":\"WebSite\",\"@id\":\"https:\/\/www.hotelbdesign.fr\/#website\",\"url\":\"https:\/\/www.hotelbdesign.fr\/\",\"name\":\"H\u00f4tel b design &amp; spa - H\u00f4tel spa 5 \u00e9toiles en Provence\",\"description\":\"\",\"potentialAction\":[{\"@type\":\"SearchAction\",\"target\":{\"@type\":\"EntryPoint\",\"urlTemplate\":\"https:\/\/www.hotelbdesign.fr\/?s={search_term_string}\"},\"query-input\":\"required name=search_term_string\"}],\"inLanguage\":\"en-US\"}]}<\/script>\n<!-- \/ Yoast SEO plugin. -->","yoast_head_json":{"title":"Seminars in Provence b Design hotel & Spa*****","description":"b Design hotel & Spa***** a luxurious and modern place for your next meetings and seminars in Provence.","robots":{"index":"index","follow":"follow","max-snippet":"max-snippet:-1","max-image-preview":"max-image-preview:large","max-video-preview":"max-video-preview:-1"},"canonical":"https:\/\/www.hotelbdesign.fr\/en\/seminaires-provence\/hotel-seminaire-paca\/","og_locale":"en_US","og_type":"article","og_title":"Seminars in Provence b Design hotel & Spa*****","og_description":"b Design hotel & Spa***** a luxurious and modern place for your next meetings and seminars in Provence.","og_url":"https:\/\/www.hotelbdesign.fr\/seminaires-provence\/hotel-seminaire-paca\/","og_site_name":"H\u00f4tel b design &amp; spa - H\u00f4tel spa 5 \u00e9toiles en Provence","article_publisher":"https:\/\/www.facebook.com\/hotelbdesign\/","article_modified_time":"2024-10-21T22:12:25+00:00","twitter_card":"summary_large_image","twitter_site":"@hotelbdesign","schema":{"@context":"https:\/\/schema.org","@graph":[{"@type":"WebPage","@id":"https:\/\/www.hotelbdesign.fr\/seminaires-provence\/hotel-seminaire-paca\/","url":"https:\/\/www.hotelbdesign.fr\/seminaires-provence\/hotel-seminaire-paca\/","name":"Seminars in Provence b Design hotel & Spa*****","isPartOf":{"@id":"https:\/\/www.hotelbdesign.fr\/#website"},"datePublished":"2017-12-20T16:49:57+00:00","dateModified":"2024-10-21T22:12:25+00:00","description":"b Design hotel & Spa***** a luxurious and modern place for your next meetings and seminars in Provence.","breadcrumb":{"@id":"https:\/\/www.hotelbdesign.fr\/seminaires-provence\/hotel-seminaire-paca\/#breadcrumb"},"inLanguage":"en-US","potentialAction":[{"@type":"ReadAction","target":["https:\/\/www.hotelbdesign.fr\/seminaires-provence\/hotel-seminaire-paca\/"]}]},{"@type":"BreadcrumbList","@id":"https:\/\/www.hotelbdesign.fr\/seminaires-provence\/hotel-seminaire-paca\/#breadcrumb","itemListElement":[{"@type":"ListItem","position":1,"name":"Accueil","item":"https:\/\/www.hotelbdesign.fr\/"},{"@type":"ListItem","position":2,"name":"Events","item":"https:\/\/www.hotelbdesign.fr\/seminaires-provence\/"},{"@type":"ListItem","position":3,"name":"Seminars"}]},{"@type":"WebSite","@id":"https:\/\/www.hotelbdesign.fr\/#website","url":"https:\/\/www.hotelbdesign.fr\/","name":"H\u00f4tel b design &amp; spa - H\u00f4tel spa 5 \u00e9toiles en Provence","description":"","potentialAction":[{"@type":"SearchAction","target":{"@type":"EntryPoint","urlTemplate":"https:\/\/www.hotelbdesign.fr\/?s={search_term_string}"},"query-input":"required name=search_term_string"}],"inLanguage":"en-US"}]}},"_links":{"self":[{"href":"https:\/\/www.hotelbdesign.fr\/en\/wp-json\/wp\/v2\/pages\/1548\/"}],"collection":[{"href":"https:\/\/www.hotelbdesign.fr\/en\/wp-json\/wp\/v2\/pages\/"}],"about":[{"href":"https:\/\/www.hotelbdesign.fr\/en\/wp-json\/wp\/v2\/types\/page\/"}],"author":[{"embeddable":true,"href":"https:\/\/www.hotelbdesign.fr\/en\/wp-json\/wp\/v2\/users\/8\/"}],"replies":[{"embeddable":true,"href":"https:\/\/www.hotelbdesign.fr\/en\/wp-json\/wp\/v2\/comments\/?post=1548"}],"version-history":[{"count":5,"href":"https:\/\/www.hotelbdesign.fr\/en\/wp-json\/wp\/v2\/pages\/1548\/revisions\/"}],"predecessor-version":[{"id":14851,"href":"https:\/\/www.hotelbdesign.fr\/en\/wp-json\/wp\/v2\/pages\/1548\/revisions\/14851\/"}],"up":[{"embeddable":true,"href":"https:\/\/www.hotelbdesign.fr\/en\/wp-json\/wp\/v2\/pages\/1544\/"}],"wp:attachment":[{"href":"https:\/\/www.hotelbdesign.fr\/en\/wp-json\/wp\/v2\/media\/?parent=1548"}],"curies":[{"name":"wp","href":"https:\/\/api.w.org\/{rel}","templated":true}]}}