


{"id":1493,"date":"2017-12-20T17:24:51","date_gmt":"2017-12-20T16:24:51","guid":{"rendered":"https:\/\/www.hotelbdesign.fr\/spa-carita-decleor-skinceuticals-alpilles\/spa-provence-alpilles\/"},"modified":"2025-10-27T10:01:09","modified_gmt":"2025-10-27T09:01:09","slug":"baux-de-provence","status":"publish","type":"page","link":"https:\/\/www.hotelbdesign.fr\/en\/bdesign-spa\/baux-de-provence\/","title":{"rendered":"The SPA"},"content":{"rendered":"","protected":false},"excerpt":{"rendered":"","protected":false},"author":8,"featured_media":0,"parent":1489,"menu_order":0,"comment_status":"closed","ping_status":"closed","template":"","meta":{"_acf_changed":false,"footnotes":""},"class_list":["post-1493","page","type-page","status-publish","hentry"],"acf":[],"yoast_head":"<!-- This site is optimized with the Yoast SEO plugin v27.5 - https:\/\/yoast.com\/product\/yoast-seo-wordpress\/ -->\n<title>5-star spa Baux-de-Provence b Design hotel &amp; Spa*****<\/title>\n<meta name=\"description\" content=\"The b Design hotel &amp; Spa***** features a 250 m2 luxury spa in Paradou at the foot of Les Baux-de-Provence between Arles and Avignon.\" \/>\n<meta name=\"robots\" content=\"index, follow, max-snippet:-1, max-image-preview:large, max-video-preview:-1\" \/>\n<link rel=\"canonical\" href=\"https:\/\/www.hotelbdesign.fr\/en\/spa-provence\/baux-de-provence\/\" \/>\n<meta property=\"og:locale\" content=\"en_US\" \/>\n<meta property=\"og:type\" content=\"article\" \/>\n<meta property=\"og:title\" content=\"5-star spa Baux-de-Provence b Design hotel &amp; Spa*****\" \/>\n<meta property=\"og:description\" content=\"The b Design hotel &amp; Spa***** features a 250 m2 luxury spa in Paradou at the foot of Les Baux-de-Provence between Arles and Avignon.\" \/>\n<meta property=\"og:url\" content=\"https:\/\/www.hotelbdesign.fr\/spa-provence\/baux-de-provence\/\" \/>\n<meta property=\"og:site_name\" content=\"H\u00f4tel b design &amp; spa - H\u00f4tel spa 5 \u00e9toiles en Provence\" \/>\n<meta property=\"article:publisher\" content=\"https:\/\/www.facebook.com\/hotelbdesign\/\" \/>\n<meta property=\"article:modified_time\" content=\"2025-10-27T09:01:09+00:00\" \/>\n<meta name=\"twitter:card\" content=\"summary_large_image\" \/>\n<meta name=\"twitter:site\" content=\"@hotelbdesign\" \/>\n<meta name=\"twitter:label1\" content=\"Est. reading time\" \/>\n\t<meta name=\"twitter:data1\" content=\"3 minutes\" \/>\n<script type=\"application\/ld+json\" class=\"yoast-schema-graph\">{\"@context\":\"https:\\\/\\\/schema.org\",\"@graph\":[{\"@type\":\"WebPage\",\"@id\":\"https:\\\/\\\/www.hotelbdesign.fr\\\/spa-provence\\\/baux-de-provence\\\/\",\"url\":\"https:\\\/\\\/www.hotelbdesign.fr\\\/spa-provence\\\/baux-de-provence\\\/\",\"name\":\"5-star spa Baux-de-Provence b Design hotel & Spa*****\",\"isPartOf\":{\"@id\":\"https:\\\/\\\/www.hotelbdesign.fr\\\/#website\"},\"datePublished\":\"2017-12-20T16:24:51+00:00\",\"dateModified\":\"2025-10-27T09:01:09+00:00\",\"description\":\"The b Design hotel & Spa***** features a 250 m2 luxury spa in Paradou at the foot of Les Baux-de-Provence between Arles and Avignon.\",\"breadcrumb\":{\"@id\":\"https:\\\/\\\/www.hotelbdesign.fr\\\/spa-provence\\\/baux-de-provence\\\/#breadcrumb\"},\"inLanguage\":\"en-US\",\"potentialAction\":[{\"@type\":\"ReadAction\",\"target\":[\"https:\\\/\\\/www.hotelbdesign.fr\\\/spa-provence\\\/baux-de-provence\\\/\"]}]},{\"@type\":\"BreadcrumbList\",\"@id\":\"https:\\\/\\\/www.hotelbdesign.fr\\\/spa-provence\\\/baux-de-provence\\\/#breadcrumb\",\"itemListElement\":[{\"@type\":\"ListItem\",\"position\":1,\"name\":\"Accueil\",\"item\":\"https:\\\/\\\/www.hotelbdesign.fr\\\/\"},{\"@type\":\"ListItem\",\"position\":2,\"name\":\"The Spa\",\"item\":\"https:\\\/\\\/www.hotelbdesign.fr\\\/spa-provence\\\/\"},{\"@type\":\"ListItem\",\"position\":3,\"name\":\"The SPA\"}]},{\"@type\":\"WebSite\",\"@id\":\"https:\\\/\\\/www.hotelbdesign.fr\\\/#website\",\"url\":\"https:\\\/\\\/www.hotelbdesign.fr\\\/\",\"name\":\"H\u00f4tel b design &amp; spa - H\u00f4tel spa 5 \u00e9toiles en Provence\",\"description\":\"\",\"potentialAction\":[{\"@type\":\"SearchAction\",\"target\":{\"@type\":\"EntryPoint\",\"urlTemplate\":\"https:\\\/\\\/www.hotelbdesign.fr\\\/?s={search_term_string}\"},\"query-input\":{\"@type\":\"PropertyValueSpecification\",\"valueRequired\":true,\"valueName\":\"search_term_string\"}}],\"inLanguage\":\"en-US\"}]}<\/script>\n<!-- \/ Yoast SEO plugin. -->","yoast_head_json":{"title":"5-star spa Baux-de-Provence b Design hotel & Spa*****","description":"The b Design hotel & Spa***** features a 250 m2 luxury spa in Paradou at the foot of Les Baux-de-Provence between Arles and Avignon.","robots":{"index":"index","follow":"follow","max-snippet":"max-snippet:-1","max-image-preview":"max-image-preview:large","max-video-preview":"max-video-preview:-1"},"canonical":"https:\/\/www.hotelbdesign.fr\/en\/spa-provence\/baux-de-provence\/","og_locale":"en_US","og_type":"article","og_title":"5-star spa Baux-de-Provence b Design hotel & Spa*****","og_description":"The b Design hotel & Spa***** features a 250 m2 luxury spa in Paradou at the foot of Les Baux-de-Provence between Arles and Avignon.","og_url":"https:\/\/www.hotelbdesign.fr\/spa-provence\/baux-de-provence\/","og_site_name":"H\u00f4tel b design &amp; spa - H\u00f4tel spa 5 \u00e9toiles en Provence","article_publisher":"https:\/\/www.facebook.com\/hotelbdesign\/","article_modified_time":"2025-10-27T09:01:09+00:00","twitter_card":"summary_large_image","twitter_site":"@hotelbdesign","twitter_misc":{"Est. reading time":"3 minutes"},"schema":{"@context":"https:\/\/schema.org","@graph":[{"@type":"WebPage","@id":"https:\/\/www.hotelbdesign.fr\/spa-provence\/baux-de-provence\/","url":"https:\/\/www.hotelbdesign.fr\/spa-provence\/baux-de-provence\/","name":"5-star spa Baux-de-Provence b Design hotel & Spa*****","isPartOf":{"@id":"https:\/\/www.hotelbdesign.fr\/#website"},"datePublished":"2017-12-20T16:24:51+00:00","dateModified":"2025-10-27T09:01:09+00:00","description":"The b Design hotel & Spa***** features a 250 m2 luxury spa in Paradou at the foot of Les Baux-de-Provence between Arles and Avignon.","breadcrumb":{"@id":"https:\/\/www.hotelbdesign.fr\/spa-provence\/baux-de-provence\/#breadcrumb"},"inLanguage":"en-US","potentialAction":[{"@type":"ReadAction","target":["https:\/\/www.hotelbdesign.fr\/spa-provence\/baux-de-provence\/"]}]},{"@type":"BreadcrumbList","@id":"https:\/\/www.hotelbdesign.fr\/spa-provence\/baux-de-provence\/#breadcrumb","itemListElement":[{"@type":"ListItem","position":1,"name":"Accueil","item":"https:\/\/www.hotelbdesign.fr\/"},{"@type":"ListItem","position":2,"name":"The Spa","item":"https:\/\/www.hotelbdesign.fr\/spa-provence\/"},{"@type":"ListItem","position":3,"name":"The SPA"}]},{"@type":"WebSite","@id":"https:\/\/www.hotelbdesign.fr\/#website","url":"https:\/\/www.hotelbdesign.fr\/","name":"H\u00f4tel b design &amp; spa - H\u00f4tel spa 5 \u00e9toiles en Provence","description":"","potentialAction":[{"@type":"SearchAction","target":{"@type":"EntryPoint","urlTemplate":"https:\/\/www.hotelbdesign.fr\/?s={search_term_string}"},"query-input":{"@type":"PropertyValueSpecification","valueRequired":true,"valueName":"search_term_string"}}],"inLanguage":"en-US"}]}},"_links":{"self":[{"href":"https:\/\/www.hotelbdesign.fr\/en\/wp-json\/wp\/v2\/pages\/1493\/"}],"collection":[{"href":"https:\/\/www.hotelbdesign.fr\/en\/wp-json\/wp\/v2\/pages\/"}],"about":[{"href":"https:\/\/www.hotelbdesign.fr\/en\/wp-json\/wp\/v2\/types\/page\/"}],"author":[{"embeddable":true,"href":"https:\/\/www.hotelbdesign.fr\/en\/wp-json\/wp\/v2\/users\/8\/"}],"replies":[{"embeddable":true,"href":"https:\/\/www.hotelbdesign.fr\/en\/wp-json\/wp\/v2\/comments\/?post=1493"}],"version-history":[{"count":5,"href":"https:\/\/www.hotelbdesign.fr\/en\/wp-json\/wp\/v2\/pages\/1493\/revisions\/"}],"predecessor-version":[{"id":15093,"href":"https:\/\/www.hotelbdesign.fr\/en\/wp-json\/wp\/v2\/pages\/1493\/revisions\/15093\/"}],"up":[{"embeddable":true,"href":"https:\/\/www.hotelbdesign.fr\/en\/wp-json\/wp\/v2\/pages\/1489\/"}],"wp:attachment":[{"href":"https:\/\/www.hotelbdesign.fr\/en\/wp-json\/wp\/v2\/media\/?parent=1493"}],"curies":[{"name":"wp","href":"https:\/\/api.w.org\/{rel}","templated":true}]}}