


{"id":1451,"date":"2017-12-20T16:49:14","date_gmt":"2017-12-20T15:49:14","guid":{"rendered":"https:\/\/www.hotelbdesign.fr\/hotel-equipe-luxe-alpilles\/"},"modified":"2024-10-22T00:01:21","modified_gmt":"2024-10-21T22:01:21","slug":"luxury-hotel-alpilles-provence","status":"publish","type":"page","link":"https:\/\/www.hotelbdesign.fr\/en\/5-star-rooms-suites-alpilles\/luxury-hotel-alpilles-provence\/","title":{"rendered":"Accomodation &#038; Rates"},"content":{"rendered":"","protected":false},"excerpt":{"rendered":"","protected":false},"author":8,"featured_media":0,"parent":1456,"menu_order":0,"comment_status":"closed","ping_status":"closed","template":"","meta":{"_acf_changed":false,"footnotes":""},"acf":[],"yoast_head":"<!-- This site is optimized with the Yoast SEO plugin v22.2 - https:\/\/yoast.com\/wordpress\/plugins\/seo\/ -->\n<title>Facilities &amp; Services b Design &amp; Spa hotel Baux-de-Provence<\/title>\n<meta name=\"description\" content=\"The Hotel b Design &amp; Spa offers exclusive services to make your stay in the Baux-de-Provence a real success.\" \/>\n<meta name=\"robots\" content=\"index, follow, max-snippet:-1, max-image-preview:large, max-video-preview:-1\" \/>\n<link rel=\"canonical\" href=\"https:\/\/www.hotelbdesign.fr\/en\/chambres-suites-5-etoiles\/hotel-avec-piscine\/\" \/>\n<meta property=\"og:locale\" content=\"en_US\" \/>\n<meta property=\"og:type\" content=\"article\" \/>\n<meta property=\"og:title\" content=\"Facilities &amp; Services b Design &amp; Spa hotel Baux-de-Provence\" \/>\n<meta property=\"og:description\" content=\"The Hotel b Design &amp; Spa offers exclusive services to make your stay in the Baux-de-Provence a real success.\" \/>\n<meta property=\"og:url\" content=\"https:\/\/www.hotelbdesign.fr\/chambres-suites-5-etoiles\/hotel-avec-piscine\/\" \/>\n<meta property=\"og:site_name\" content=\"H\u00f4tel b design &amp; spa - H\u00f4tel spa 5 \u00e9toiles en Provence\" \/>\n<meta property=\"article:publisher\" content=\"https:\/\/www.facebook.com\/hotelbdesign\/\" \/>\n<meta property=\"article:modified_time\" content=\"2024-10-21T22:01:21+00:00\" \/>\n<meta name=\"twitter:card\" content=\"summary_large_image\" \/>\n<meta name=\"twitter:site\" content=\"@hotelbdesign\" \/>\n<script type=\"application\/ld+json\" class=\"yoast-schema-graph\">{\"@context\":\"https:\/\/schema.org\",\"@graph\":[{\"@type\":\"WebPage\",\"@id\":\"https:\/\/www.hotelbdesign.fr\/chambres-suites-5-etoiles\/hotel-avec-piscine\/\",\"url\":\"https:\/\/www.hotelbdesign.fr\/chambres-suites-5-etoiles\/hotel-avec-piscine\/\",\"name\":\"Facilities & Services b Design & Spa hotel Baux-de-Provence\",\"isPartOf\":{\"@id\":\"https:\/\/www.hotelbdesign.fr\/#website\"},\"datePublished\":\"2017-12-20T15:49:14+00:00\",\"dateModified\":\"2024-10-21T22:01:21+00:00\",\"description\":\"The Hotel b Design & Spa offers exclusive services to make your stay in the Baux-de-Provence a real success.\",\"breadcrumb\":{\"@id\":\"https:\/\/www.hotelbdesign.fr\/chambres-suites-5-etoiles\/hotel-avec-piscine\/#breadcrumb\"},\"inLanguage\":\"en-US\",\"potentialAction\":[{\"@type\":\"ReadAction\",\"target\":[\"https:\/\/www.hotelbdesign.fr\/chambres-suites-5-etoiles\/hotel-avec-piscine\/\"]}]},{\"@type\":\"BreadcrumbList\",\"@id\":\"https:\/\/www.hotelbdesign.fr\/chambres-suites-5-etoiles\/hotel-avec-piscine\/#breadcrumb\",\"itemListElement\":[{\"@type\":\"ListItem\",\"position\":1,\"name\":\"Accueil\",\"item\":\"https:\/\/www.hotelbdesign.fr\/\"},{\"@type\":\"ListItem\",\"position\":2,\"name\":\"Rooms &#038; Suites\",\"item\":\"https:\/\/www.hotelbdesign.fr\/chambres-suites-5-etoiles\/\"},{\"@type\":\"ListItem\",\"position\":3,\"name\":\"Accomodation &#038; Rates\"}]},{\"@type\":\"WebSite\",\"@id\":\"https:\/\/www.hotelbdesign.fr\/#website\",\"url\":\"https:\/\/www.hotelbdesign.fr\/\",\"name\":\"H\u00f4tel b design &amp; spa - H\u00f4tel spa 5 \u00e9toiles en Provence\",\"description\":\"\",\"potentialAction\":[{\"@type\":\"SearchAction\",\"target\":{\"@type\":\"EntryPoint\",\"urlTemplate\":\"https:\/\/www.hotelbdesign.fr\/?s={search_term_string}\"},\"query-input\":\"required name=search_term_string\"}],\"inLanguage\":\"en-US\"}]}<\/script>\n<!-- \/ Yoast SEO plugin. -->","yoast_head_json":{"title":"Facilities & Services b Design & Spa hotel Baux-de-Provence","description":"The Hotel b Design & Spa offers exclusive services to make your stay in the Baux-de-Provence a real success.","robots":{"index":"index","follow":"follow","max-snippet":"max-snippet:-1","max-image-preview":"max-image-preview:large","max-video-preview":"max-video-preview:-1"},"canonical":"https:\/\/www.hotelbdesign.fr\/en\/chambres-suites-5-etoiles\/hotel-avec-piscine\/","og_locale":"en_US","og_type":"article","og_title":"Facilities & Services b Design & Spa hotel Baux-de-Provence","og_description":"The Hotel b Design & Spa offers exclusive services to make your stay in the Baux-de-Provence a real success.","og_url":"https:\/\/www.hotelbdesign.fr\/chambres-suites-5-etoiles\/hotel-avec-piscine\/","og_site_name":"H\u00f4tel b design &amp; spa - H\u00f4tel spa 5 \u00e9toiles en Provence","article_publisher":"https:\/\/www.facebook.com\/hotelbdesign\/","article_modified_time":"2024-10-21T22:01:21+00:00","twitter_card":"summary_large_image","twitter_site":"@hotelbdesign","schema":{"@context":"https:\/\/schema.org","@graph":[{"@type":"WebPage","@id":"https:\/\/www.hotelbdesign.fr\/chambres-suites-5-etoiles\/hotel-avec-piscine\/","url":"https:\/\/www.hotelbdesign.fr\/chambres-suites-5-etoiles\/hotel-avec-piscine\/","name":"Facilities & Services b Design & Spa hotel Baux-de-Provence","isPartOf":{"@id":"https:\/\/www.hotelbdesign.fr\/#website"},"datePublished":"2017-12-20T15:49:14+00:00","dateModified":"2024-10-21T22:01:21+00:00","description":"The Hotel b Design & Spa offers exclusive services to make your stay in the Baux-de-Provence a real success.","breadcrumb":{"@id":"https:\/\/www.hotelbdesign.fr\/chambres-suites-5-etoiles\/hotel-avec-piscine\/#breadcrumb"},"inLanguage":"en-US","potentialAction":[{"@type":"ReadAction","target":["https:\/\/www.hotelbdesign.fr\/chambres-suites-5-etoiles\/hotel-avec-piscine\/"]}]},{"@type":"BreadcrumbList","@id":"https:\/\/www.hotelbdesign.fr\/chambres-suites-5-etoiles\/hotel-avec-piscine\/#breadcrumb","itemListElement":[{"@type":"ListItem","position":1,"name":"Accueil","item":"https:\/\/www.hotelbdesign.fr\/"},{"@type":"ListItem","position":2,"name":"Rooms &#038; Suites","item":"https:\/\/www.hotelbdesign.fr\/chambres-suites-5-etoiles\/"},{"@type":"ListItem","position":3,"name":"Accomodation &#038; Rates"}]},{"@type":"WebSite","@id":"https:\/\/www.hotelbdesign.fr\/#website","url":"https:\/\/www.hotelbdesign.fr\/","name":"H\u00f4tel b design &amp; spa - H\u00f4tel spa 5 \u00e9toiles en Provence","description":"","potentialAction":[{"@type":"SearchAction","target":{"@type":"EntryPoint","urlTemplate":"https:\/\/www.hotelbdesign.fr\/?s={search_term_string}"},"query-input":"required name=search_term_string"}],"inLanguage":"en-US"}]}},"_links":{"self":[{"href":"https:\/\/www.hotelbdesign.fr\/en\/wp-json\/wp\/v2\/pages\/1451\/"}],"collection":[{"href":"https:\/\/www.hotelbdesign.fr\/en\/wp-json\/wp\/v2\/pages\/"}],"about":[{"href":"https:\/\/www.hotelbdesign.fr\/en\/wp-json\/wp\/v2\/types\/page\/"}],"author":[{"embeddable":true,"href":"https:\/\/www.hotelbdesign.fr\/en\/wp-json\/wp\/v2\/users\/8\/"}],"replies":[{"embeddable":true,"href":"https:\/\/www.hotelbdesign.fr\/en\/wp-json\/wp\/v2\/comments\/?post=1451"}],"version-history":[{"count":6,"href":"https:\/\/www.hotelbdesign.fr\/en\/wp-json\/wp\/v2\/pages\/1451\/revisions\/"}],"predecessor-version":[{"id":14845,"href":"https:\/\/www.hotelbdesign.fr\/en\/wp-json\/wp\/v2\/pages\/1451\/revisions\/14845\/"}],"up":[{"embeddable":true,"href":"https:\/\/www.hotelbdesign.fr\/en\/wp-json\/wp\/v2\/pages\/1456\/"}],"wp:attachment":[{"href":"https:\/\/www.hotelbdesign.fr\/en\/wp-json\/wp\/v2\/media\/?parent=1451"}],"curies":[{"name":"wp","href":"https:\/\/api.w.org\/{rel}","templated":true}]}}