


{"id":1419,"date":"2017-12-18T14:21:58","date_gmt":"2017-12-18T13:21:58","guid":{"rendered":"https:\/\/www.hotelbdesign.fr\/historique-b-design-spa-paradou-provence\/"},"modified":"2024-10-21T23:44:49","modified_gmt":"2024-10-21T21:44:49","slug":"b-design-spa-hotel-paradou-history","status":"publish","type":"page","link":"https:\/\/www.hotelbdesign.fr\/en\/5-star-hotel-provence-alpilles\/b-design-spa-hotel-paradou-history\/","title":{"rendered":"History"},"content":{"rendered":"","protected":false},"excerpt":{"rendered":"","protected":false},"author":8,"featured_media":0,"parent":1459,"menu_order":0,"comment_status":"closed","ping_status":"closed","template":"","meta":{"_acf_changed":false,"footnotes":""},"acf":[],"yoast_head":"<!-- This site is optimized with the Yoast SEO plugin v22.2 - https:\/\/yoast.com\/wordpress\/plugins\/seo\/ -->\n<title>The history of b design &amp; Spa hotel in Baux-de-Provence<\/title>\n<meta name=\"description\" content=\"Discover the history of the 5-star hotel b design &amp; Spa at the foot of Les Baux-de-Provence between Arles and Avignon.\" \/>\n<meta name=\"robots\" content=\"index, follow, max-snippet:-1, max-image-preview:large, max-video-preview:-1\" \/>\n<link rel=\"canonical\" href=\"https:\/\/www.hotelbdesign.fr\/en\/hotel-5-etoiles-provence\/histoire\/\" \/>\n<meta property=\"og:locale\" content=\"en_US\" \/>\n<meta property=\"og:type\" content=\"article\" \/>\n<meta property=\"og:title\" content=\"The history of b design &amp; Spa hotel in Baux-de-Provence\" \/>\n<meta property=\"og:description\" content=\"Discover the history of the 5-star hotel b design &amp; Spa at the foot of Les Baux-de-Provence between Arles and Avignon.\" \/>\n<meta property=\"og:url\" content=\"https:\/\/www.hotelbdesign.fr\/hotel-5-etoiles-provence\/histoire\/\" \/>\n<meta property=\"og:site_name\" content=\"H\u00f4tel b design &amp; spa - H\u00f4tel spa 5 \u00e9toiles en Provence\" \/>\n<meta property=\"article:publisher\" content=\"https:\/\/www.facebook.com\/hotelbdesign\/\" \/>\n<meta property=\"article:modified_time\" content=\"2024-10-21T21:44:49+00:00\" \/>\n<meta name=\"twitter:card\" content=\"summary_large_image\" \/>\n<meta name=\"twitter:site\" content=\"@hotelbdesign\" \/>\n<script type=\"application\/ld+json\" class=\"yoast-schema-graph\">{\"@context\":\"https:\/\/schema.org\",\"@graph\":[{\"@type\":\"WebPage\",\"@id\":\"https:\/\/www.hotelbdesign.fr\/hotel-5-etoiles-provence\/histoire\/\",\"url\":\"https:\/\/www.hotelbdesign.fr\/hotel-5-etoiles-provence\/histoire\/\",\"name\":\"The history of b design & Spa hotel in Baux-de-Provence\",\"isPartOf\":{\"@id\":\"https:\/\/www.hotelbdesign.fr\/#website\"},\"datePublished\":\"2017-12-18T13:21:58+00:00\",\"dateModified\":\"2024-10-21T21:44:49+00:00\",\"description\":\"Discover the history of the 5-star hotel b design & Spa at the foot of Les Baux-de-Provence between Arles and Avignon.\",\"breadcrumb\":{\"@id\":\"https:\/\/www.hotelbdesign.fr\/hotel-5-etoiles-provence\/histoire\/#breadcrumb\"},\"inLanguage\":\"en-US\",\"potentialAction\":[{\"@type\":\"ReadAction\",\"target\":[\"https:\/\/www.hotelbdesign.fr\/hotel-5-etoiles-provence\/histoire\/\"]}]},{\"@type\":\"BreadcrumbList\",\"@id\":\"https:\/\/www.hotelbdesign.fr\/hotel-5-etoiles-provence\/histoire\/#breadcrumb\",\"itemListElement\":[{\"@type\":\"ListItem\",\"position\":1,\"name\":\"Accueil\",\"item\":\"https:\/\/www.hotelbdesign.fr\/\"},{\"@type\":\"ListItem\",\"position\":2,\"name\":\"The Hotel\",\"item\":\"https:\/\/www.hotelbdesign.fr\/en\/5-star-hotel-provence-alpilles\/\"},{\"@type\":\"ListItem\",\"position\":3,\"name\":\"History\"}]},{\"@type\":\"WebSite\",\"@id\":\"https:\/\/www.hotelbdesign.fr\/#website\",\"url\":\"https:\/\/www.hotelbdesign.fr\/\",\"name\":\"H\u00f4tel b design &amp; spa - H\u00f4tel spa 5 \u00e9toiles en Provence\",\"description\":\"\",\"potentialAction\":[{\"@type\":\"SearchAction\",\"target\":{\"@type\":\"EntryPoint\",\"urlTemplate\":\"https:\/\/www.hotelbdesign.fr\/?s={search_term_string}\"},\"query-input\":\"required name=search_term_string\"}],\"inLanguage\":\"en-US\"}]}<\/script>\n<!-- \/ Yoast SEO plugin. -->","yoast_head_json":{"title":"The history of b design & Spa hotel in Baux-de-Provence","description":"Discover the history of the 5-star hotel b design & Spa at the foot of Les Baux-de-Provence between Arles and Avignon.","robots":{"index":"index","follow":"follow","max-snippet":"max-snippet:-1","max-image-preview":"max-image-preview:large","max-video-preview":"max-video-preview:-1"},"canonical":"https:\/\/www.hotelbdesign.fr\/en\/hotel-5-etoiles-provence\/histoire\/","og_locale":"en_US","og_type":"article","og_title":"The history of b design & Spa hotel in Baux-de-Provence","og_description":"Discover the history of the 5-star hotel b design & Spa at the foot of Les Baux-de-Provence between Arles and Avignon.","og_url":"https:\/\/www.hotelbdesign.fr\/hotel-5-etoiles-provence\/histoire\/","og_site_name":"H\u00f4tel b design &amp; spa - H\u00f4tel spa 5 \u00e9toiles en Provence","article_publisher":"https:\/\/www.facebook.com\/hotelbdesign\/","article_modified_time":"2024-10-21T21:44:49+00:00","twitter_card":"summary_large_image","twitter_site":"@hotelbdesign","schema":{"@context":"https:\/\/schema.org","@graph":[{"@type":"WebPage","@id":"https:\/\/www.hotelbdesign.fr\/hotel-5-etoiles-provence\/histoire\/","url":"https:\/\/www.hotelbdesign.fr\/hotel-5-etoiles-provence\/histoire\/","name":"The history of b design & Spa hotel in Baux-de-Provence","isPartOf":{"@id":"https:\/\/www.hotelbdesign.fr\/#website"},"datePublished":"2017-12-18T13:21:58+00:00","dateModified":"2024-10-21T21:44:49+00:00","description":"Discover the history of the 5-star hotel b design & Spa at the foot of Les Baux-de-Provence between Arles and Avignon.","breadcrumb":{"@id":"https:\/\/www.hotelbdesign.fr\/hotel-5-etoiles-provence\/histoire\/#breadcrumb"},"inLanguage":"en-US","potentialAction":[{"@type":"ReadAction","target":["https:\/\/www.hotelbdesign.fr\/hotel-5-etoiles-provence\/histoire\/"]}]},{"@type":"BreadcrumbList","@id":"https:\/\/www.hotelbdesign.fr\/hotel-5-etoiles-provence\/histoire\/#breadcrumb","itemListElement":[{"@type":"ListItem","position":1,"name":"Accueil","item":"https:\/\/www.hotelbdesign.fr\/"},{"@type":"ListItem","position":2,"name":"The Hotel","item":"https:\/\/www.hotelbdesign.fr\/en\/5-star-hotel-provence-alpilles\/"},{"@type":"ListItem","position":3,"name":"History"}]},{"@type":"WebSite","@id":"https:\/\/www.hotelbdesign.fr\/#website","url":"https:\/\/www.hotelbdesign.fr\/","name":"H\u00f4tel b design &amp; spa - H\u00f4tel spa 5 \u00e9toiles en Provence","description":"","potentialAction":[{"@type":"SearchAction","target":{"@type":"EntryPoint","urlTemplate":"https:\/\/www.hotelbdesign.fr\/?s={search_term_string}"},"query-input":"required name=search_term_string"}],"inLanguage":"en-US"}]}},"_links":{"self":[{"href":"https:\/\/www.hotelbdesign.fr\/en\/wp-json\/wp\/v2\/pages\/1419\/"}],"collection":[{"href":"https:\/\/www.hotelbdesign.fr\/en\/wp-json\/wp\/v2\/pages\/"}],"about":[{"href":"https:\/\/www.hotelbdesign.fr\/en\/wp-json\/wp\/v2\/types\/page\/"}],"author":[{"embeddable":true,"href":"https:\/\/www.hotelbdesign.fr\/en\/wp-json\/wp\/v2\/users\/8\/"}],"replies":[{"embeddable":true,"href":"https:\/\/www.hotelbdesign.fr\/en\/wp-json\/wp\/v2\/comments\/?post=1419"}],"version-history":[{"count":6,"href":"https:\/\/www.hotelbdesign.fr\/en\/wp-json\/wp\/v2\/pages\/1419\/revisions\/"}],"predecessor-version":[{"id":14840,"href":"https:\/\/www.hotelbdesign.fr\/en\/wp-json\/wp\/v2\/pages\/1419\/revisions\/14840\/"}],"up":[{"embeddable":true,"href":"https:\/\/www.hotelbdesign.fr\/en\/wp-json\/wp\/v2\/pages\/1459\/"}],"wp:attachment":[{"href":"https:\/\/www.hotelbdesign.fr\/en\/wp-json\/wp\/v2\/media\/?parent=1419"}],"curies":[{"name":"wp","href":"https:\/\/api.w.org\/{rel}","templated":true}]}}